{"id":390,"date":"2016-01-07T05:57:45","date_gmt":"2016-01-07T05:57:45","guid":{"rendered":"http:\/\/consulting.stylemixthemes.com\/demo\/?page_id=390"},"modified":"2020-06-16T12:19:15","modified_gmt":"2020-06-16T10:19:15","slug":"our-partners","status":"publish","type":"page","link":"https:\/\/www.simorg-computing.fr\/?page_id=390","title":{"rendered":"Nos partenaires"},"content":{"rendered":"<p>[vc_row css=\u00a0\u00bb.vc_custom_1451991003825{margin-bottom: 100px !important;}\u00a0\u00bb][vc_column width=\u00a0\u00bb3\/4&Prime;][vc_row_inner css=\u00a0\u00bb.vc_custom_1452152300724{margin-bottom: 46px !important;}\u00a0\u00bb][vc_column_inner][stm_partner style=\u00a0\u00bbstyle_2&Prime; title=\u00a0\u00bbSoci\u00e9t\u00e9 APERAM,  Isbergues \u00a0\u00bb logo=\u00a0\u00bb1156&Prime; description=\u00a0\u00bbUn large programme de collaboration pour l&rsquo;\u00e9tude des m\u00e9canismes de corrosion localis\u00e9e des aciers inoxydables, r\u00f4le des \u00e9l\u00e9ments d\u2019alliage, apprentissage artificiel.\u00a0\u00bb link=\u00a0\u00bburl:%23||\u00a0\u00bb position=\u00a0\u00bbSimulation num\u00e9rique de la corrosion localis\u00e9e des aciers inoxydables\u00a0\u00bb css=\u00a0\u00bb.vc_custom_1592302747474{margin-bottom: 50px !important;}\u00a0\u00bb][stm_partner style=\u00a0\u00bbstyle_2&Prime; title=\u00a0\u00bbSoci\u00e9t\u00e9 I-TEN sp\u00e9cialis\u00e9e en microbatteries lithium, Lyon\u00a0\u00bb logo=\u00a0\u00bb1155&Prime; description=\u00a0\u00bbMod\u00e9lisation par \u00e9l\u00e9ments finis des proc\u00e9d\u00e9s de d\u00e9position \u00e9lectrophor\u00e9tique d&rsquo;oxyde TiO2 au lithium.\u00a0\u00bb link=\u00a0\u00bburl:%23||\u00a0\u00bb css=\u00a0\u00bb.vc_custom_1592143115945{margin-bottom: 50px !important;}\u00a0\u00bb][stm_partner style=\u00a0\u00bbstyle_2&Prime; title=\u00a0\u00bbAREVA NP\u00a0\u00bb logo=\u00a0\u00bb1158&Prime; description=\u00a0\u00bbMod\u00e9lisation par \u00e9l\u00e9ments finis sous COMSOL de l\u2019oxydation des alliages de zirconium par l&rsquo;eau, application aux \u00e9l\u00e9ments de combustible nucl\u00e9aire\u00a0\u00bb link=\u00a0\u00bburl:%23||\u00a0\u00bb position=\u00a0\u00bbSimulation num\u00e9rique de l&rsquo;oxydation des alliages de zirconium\u00a0\u00bb css=\u00a0\u00bb.vc_custom_1592200733255{margin-bottom: 50px !important;}\u00a0\u00bb][stm_partner style=\u00a0\u00bbstyle_2&Prime; title=\u00a0\u00bbGrenoble Alpes University \u00a0\u00bb logo=\u00a0\u00bb1157&Prime; description=\u00a0\u00bbMod\u00e9lisation &#038; Simulation de la corrosion \u00e9lectrochimique\u00a0\u00bb link=\u00a0\u00bburl:%23||\u00a0\u00bb position=\u00a0\u00bbCollaboration avec l&rsquo;\u00e9quipe surface et r\u00e9activit\u00e9 du laboratoire SIMAP de Grenoble INP\u00a0\u00bb css=\u00a0\u00bb.vc_custom_1592302712151{margin-bottom: 50px !important;}\u00a0\u00bb][\/vc_column_inner][\/vc_row_inner][\/vc_column][vc_column width=\u00a0\u00bb1\/4&Prime;][stm_sidebar sidebar=\u00a0\u00bb311&Prime;][\/vc_column][\/vc_row]<\/p>\n","protected":false},"excerpt":{"rendered":"<p>[vc_row css=\u00a0\u00bb.vc_custom_1451991003825{margin-bottom: 100px !important;}\u00a0\u00bb][vc_column width=\u00a0\u00bb3\/4&Prime;][vc_row_inner css=\u00a0\u00bb.vc_custom_1452152300724{margin-bottom: 46px !important;}\u00a0\u00bb][vc_column_inner][stm_partner style=\u00a0\u00bbstyle_2&Prime; title=\u00a0\u00bbSoci\u00e9t\u00e9 APERAM, Isbergues \u00a0\u00bb logo=\u00a0\u00bb1156&Prime; description=\u00a0\u00bbUn large programme de collaboration pour l&rsquo;\u00e9tude des m\u00e9canismes de corrosion localis\u00e9e des aciers inoxydables, r\u00f4le des \u00e9l\u00e9ments d\u2019alliage, apprentissage artificiel.\u00a0\u00bb link=\u00a0\u00bburl:%23||\u00a0\u00bb position=\u00a0\u00bbSimulation num\u00e9rique de la corrosion localis\u00e9e des aciers inoxydables\u00a0\u00bb css=\u00a0\u00bb.vc_custom_1592302747474{margin-bottom: 50px !important;}\u00a0\u00bb][stm_partner style=\u00a0\u00bbstyle_2&Prime; title=\u00a0\u00bbSoci\u00e9t\u00e9 I-TEN sp\u00e9cialis\u00e9e en microbatteries lithium,<\/p>\n","protected":false},"author":1,"featured_media":0,"parent":0,"menu_order":0,"comment_status":"closed","ping_status":"closed","template":"","meta":{"footnotes":""},"class_list":["post-390","page","type-page","status-publish","hentry"],"yoast_head":"<!-- This site is optimized with the Yoast SEO plugin v27.1.1 - https:\/\/yoast.com\/product\/yoast-seo-wordpress\/ -->\n<title>Nos partenaires - SIMORG Computing<\/title>\n<meta name=\"robots\" content=\"index, follow, max-snippet:-1, max-image-preview:large, max-video-preview:-1\" \/>\n<link rel=\"canonical\" href=\"https:\/\/www.simorg-computing.fr\/?page_id=390\" \/>\n<meta property=\"og:locale\" content=\"fr_FR\" \/>\n<meta property=\"og:type\" content=\"article\" \/>\n<meta property=\"og:title\" content=\"Nos partenaires - SIMORG Computing\" \/>\n<meta property=\"og:description\" content=\"[vc_row css=\u00a0\u00bb.vc_custom_1451991003825{margin-bottom: 100px !important;}\u00a0\u00bb][vc_column width=\u00a0\u00bb3\/4&Prime;][vc_row_inner css=\u00a0\u00bb.vc_custom_1452152300724{margin-bottom: 46px !important;}\u00a0\u00bb][vc_column_inner][stm_partner style=\u00a0\u00bbstyle_2&Prime; title=\u00a0\u00bbSoci\u00e9t\u00e9 APERAM, Isbergues \u00a0\u00bb logo=\u00a0\u00bb1156&Prime; description=\u00a0\u00bbUn large programme de collaboration pour l&rsquo;\u00e9tude des m\u00e9canismes de corrosion localis\u00e9e des aciers inoxydables, r\u00f4le des \u00e9l\u00e9ments d\u2019alliage, apprentissage artificiel.\u00a0\u00bb link=\u00a0\u00bburl:%23||\u00a0\u00bb position=\u00a0\u00bbSimulation num\u00e9rique de la corrosion localis\u00e9e des aciers inoxydables\u00a0\u00bb css=\u00a0\u00bb.vc_custom_1592302747474{margin-bottom: 50px !important;}\u00a0\u00bb][stm_partner style=\u00a0\u00bbstyle_2&Prime; title=\u00a0\u00bbSoci\u00e9t\u00e9 I-TEN sp\u00e9cialis\u00e9e en microbatteries lithium,\" \/>\n<meta property=\"og:url\" content=\"https:\/\/www.simorg-computing.fr\/?page_id=390\" \/>\n<meta property=\"og:site_name\" content=\"SIMORG Computing\" \/>\n<meta property=\"article:modified_time\" content=\"2020-06-16T10:19:15+00:00\" \/>\n<meta name=\"twitter:card\" content=\"summary_large_image\" \/>\n<meta name=\"twitter:label1\" content=\"Dur\u00e9e de lecture estim\u00e9e\" \/>\n\t<meta name=\"twitter:data1\" content=\"1 minute\" \/>\n<script type=\"application\/ld+json\" class=\"yoast-schema-graph\">{\"@context\":\"https:\/\/schema.org\",\"@graph\":[{\"@type\":\"WebPage\",\"@id\":\"https:\/\/www.simorg-computing.fr\/?page_id=390\",\"url\":\"https:\/\/www.simorg-computing.fr\/?page_id=390\",\"name\":\"Nos partenaires - SIMORG Computing\",\"isPartOf\":{\"@id\":\"https:\/\/www.simorg-computing.fr\/#website\"},\"datePublished\":\"2016-01-07T05:57:45+00:00\",\"dateModified\":\"2020-06-16T10:19:15+00:00\",\"breadcrumb\":{\"@id\":\"https:\/\/www.simorg-computing.fr\/?page_id=390#breadcrumb\"},\"inLanguage\":\"fr-FR\",\"potentialAction\":[{\"@type\":\"ReadAction\",\"target\":[\"https:\/\/www.simorg-computing.fr\/?page_id=390\"]}]},{\"@type\":\"BreadcrumbList\",\"@id\":\"https:\/\/www.simorg-computing.fr\/?page_id=390#breadcrumb\",\"itemListElement\":[{\"@type\":\"ListItem\",\"position\":1,\"name\":\"Accueil\",\"item\":\"https:\/\/www.simorg-computing.fr\/\"},{\"@type\":\"ListItem\",\"position\":2,\"name\":\"Nos partenaires\"}]},{\"@type\":\"WebSite\",\"@id\":\"https:\/\/www.simorg-computing.fr\/#website\",\"url\":\"https:\/\/www.simorg-computing.fr\/\",\"name\":\"SIMORG Computing\",\"description\":\"Voir au-del\u00e0 de l&#039;horizon\",\"potentialAction\":[{\"@type\":\"SearchAction\",\"target\":{\"@type\":\"EntryPoint\",\"urlTemplate\":\"https:\/\/www.simorg-computing.fr\/?s={search_term_string}\"},\"query-input\":{\"@type\":\"PropertyValueSpecification\",\"valueRequired\":true,\"valueName\":\"search_term_string\"}}],\"inLanguage\":\"fr-FR\"}]}<\/script>\n<!-- \/ Yoast SEO plugin. -->","yoast_head_json":{"title":"Nos partenaires - SIMORG Computing","robots":{"index":"index","follow":"follow","max-snippet":"max-snippet:-1","max-image-preview":"max-image-preview:large","max-video-preview":"max-video-preview:-1"},"canonical":"https:\/\/www.simorg-computing.fr\/?page_id=390","og_locale":"fr_FR","og_type":"article","og_title":"Nos partenaires - SIMORG Computing","og_description":"[vc_row css=\u00a0\u00bb.vc_custom_1451991003825{margin-bottom: 100px !important;}\u00a0\u00bb][vc_column width=\u00a0\u00bb3\/4&Prime;][vc_row_inner css=\u00a0\u00bb.vc_custom_1452152300724{margin-bottom: 46px !important;}\u00a0\u00bb][vc_column_inner][stm_partner style=\u00a0\u00bbstyle_2&Prime; title=\u00a0\u00bbSoci\u00e9t\u00e9 APERAM, Isbergues \u00a0\u00bb logo=\u00a0\u00bb1156&Prime; description=\u00a0\u00bbUn large programme de collaboration pour l&rsquo;\u00e9tude des m\u00e9canismes de corrosion localis\u00e9e des aciers inoxydables, r\u00f4le des \u00e9l\u00e9ments d\u2019alliage, apprentissage artificiel.\u00a0\u00bb link=\u00a0\u00bburl:%23||\u00a0\u00bb position=\u00a0\u00bbSimulation num\u00e9rique de la corrosion localis\u00e9e des aciers inoxydables\u00a0\u00bb css=\u00a0\u00bb.vc_custom_1592302747474{margin-bottom: 50px !important;}\u00a0\u00bb][stm_partner style=\u00a0\u00bbstyle_2&Prime; title=\u00a0\u00bbSoci\u00e9t\u00e9 I-TEN sp\u00e9cialis\u00e9e en microbatteries lithium,","og_url":"https:\/\/www.simorg-computing.fr\/?page_id=390","og_site_name":"SIMORG Computing","article_modified_time":"2020-06-16T10:19:15+00:00","twitter_card":"summary_large_image","twitter_misc":{"Dur\u00e9e de lecture estim\u00e9e":"1 minute"},"schema":{"@context":"https:\/\/schema.org","@graph":[{"@type":"WebPage","@id":"https:\/\/www.simorg-computing.fr\/?page_id=390","url":"https:\/\/www.simorg-computing.fr\/?page_id=390","name":"Nos partenaires - SIMORG Computing","isPartOf":{"@id":"https:\/\/www.simorg-computing.fr\/#website"},"datePublished":"2016-01-07T05:57:45+00:00","dateModified":"2020-06-16T10:19:15+00:00","breadcrumb":{"@id":"https:\/\/www.simorg-computing.fr\/?page_id=390#breadcrumb"},"inLanguage":"fr-FR","potentialAction":[{"@type":"ReadAction","target":["https:\/\/www.simorg-computing.fr\/?page_id=390"]}]},{"@type":"BreadcrumbList","@id":"https:\/\/www.simorg-computing.fr\/?page_id=390#breadcrumb","itemListElement":[{"@type":"ListItem","position":1,"name":"Accueil","item":"https:\/\/www.simorg-computing.fr\/"},{"@type":"ListItem","position":2,"name":"Nos partenaires"}]},{"@type":"WebSite","@id":"https:\/\/www.simorg-computing.fr\/#website","url":"https:\/\/www.simorg-computing.fr\/","name":"SIMORG Computing","description":"Voir au-del\u00e0 de l&#039;horizon","potentialAction":[{"@type":"SearchAction","target":{"@type":"EntryPoint","urlTemplate":"https:\/\/www.simorg-computing.fr\/?s={search_term_string}"},"query-input":{"@type":"PropertyValueSpecification","valueRequired":true,"valueName":"search_term_string"}}],"inLanguage":"fr-FR"}]}},"_links":{"self":[{"href":"https:\/\/www.simorg-computing.fr\/index.php?rest_route=\/wp\/v2\/pages\/390","targetHints":{"allow":["GET"]}}],"collection":[{"href":"https:\/\/www.simorg-computing.fr\/index.php?rest_route=\/wp\/v2\/pages"}],"about":[{"href":"https:\/\/www.simorg-computing.fr\/index.php?rest_route=\/wp\/v2\/types\/page"}],"author":[{"embeddable":true,"href":"https:\/\/www.simorg-computing.fr\/index.php?rest_route=\/wp\/v2\/users\/1"}],"replies":[{"embeddable":true,"href":"https:\/\/www.simorg-computing.fr\/index.php?rest_route=%2Fwp%2Fv2%2Fcomments&post=390"}],"version-history":[{"count":12,"href":"https:\/\/www.simorg-computing.fr\/index.php?rest_route=\/wp\/v2\/pages\/390\/revisions"}],"predecessor-version":[{"id":1312,"href":"https:\/\/www.simorg-computing.fr\/index.php?rest_route=\/wp\/v2\/pages\/390\/revisions\/1312"}],"wp:attachment":[{"href":"https:\/\/www.simorg-computing.fr\/index.php?rest_route=%2Fwp%2Fv2%2Fmedia&parent=390"}],"curies":[{"name":"wp","href":"https:\/\/api.w.org\/{rel}","templated":true}]}}