{"id":377,"date":"2016-01-07T04:23:21","date_gmt":"2016-01-07T03:23:21","guid":{"rendered":"http:\/\/consulting.stylemixthemes.com\/demo\/?page_id=377"},"modified":"2021-02-21T12:55:52","modified_gmt":"2021-02-21T11:55:52","slug":"company-history","status":"publish","type":"page","link":"https:\/\/www.simorg-computing.fr\/?page_id=377","title":{"rendered":"Company history"},"content":{"rendered":"<p>[vc_row css=\u00a0\u00bb.vc_custom_1451991003825{margin-bottom: 100px !important;}\u00a0\u00bb][vc_column width=\u00a0\u00bb3\/4&Prime;][vc_single_image image=\u00a0\u00bb1085&Prime; img_size=\u00a0\u00bbfull\u00a0\u00bb css=\u00a0\u00bb.vc_custom_1592067273992{margin-bottom: 46px !important;}\u00a0\u00bb][vc_column_text css_animation=\u00a0\u00bbappear\u00a0\u00bb css=\u00a0\u00bb.vc_custom_1613908487167{margin-bottom: 50px !important;}\u00a0\u00bb]<\/p>\n<h2>Pr\u00e9sentation<\/h2>\n<p><strong>SIMORG Computing <\/strong>est une entreprise de conseil, d\u2019assistance technique et de r\u00e9alisation de calcul scientifique haute performance dans le <u>domaine des sciences et nanosciences des mat\u00e9riaux<\/u>. Plus pr\u00e9cis\u00e9ment, <strong>SIMORG Computing<\/strong> intervient dans le domaine de mat\u00e9riaux utilis\u00e9s dans les secteurs de l\u2019\u00e9nergie \u00e9lectrique, thermique et nucl\u00e9aire, mais \u00e9galement dans le domaine de la chimie et de l\u2019environnement.<\/p>\n<p><strong>SIMORG Computing <\/strong>a \u00e9t\u00e9 cr\u00e9\u00e9e en janvier 2013 par le Dr. <strong><a href=\"https:\/\/www.simorg-computing.fr\/?stm_staff=dr-brahim-malki\">Brahim MALKI<\/a><\/strong>, HDR et ancien ing\u00e9nieur de recherche en calcul scientifique dans des laboratoires de grandes \u00e9coles d\u2019ing\u00e9nieurs de renomm\u00e9e internationale. <strong>SIMORG Computing <\/strong>a d&rsquo;abord \u00e9t\u00e9 en p\u00e9riode d\u2019incubation dans le laboratoire Science et Ing\u00e9nierie des Mat\u00e9riaux et Proc\u00e9d\u00e9s (SIMAP) de Grenoble INP. Depuis, l&rsquo;entreprise continue son d\u00e9veloppement en nouant des partenariats avec plusieurs acteurs industriels en France et \u00e0 l&rsquo;\u00e9tranger.<\/p>\n<p><strong>SIMORG<\/strong> <strong>Computing<\/strong> se d\u00e9marque par sa volont\u00e9 de promouvoir l\u2019usage du calcul num\u00e9rique dans l\u2019univers industriel comme un <u>outil d\u2019aide \u00e0 la conception et \u00e0 la pr\u00e9diction de nouvelles solutions<\/u> aux verrous techniques et scientifiques. Probl\u00e8mes auxquels sont confront\u00e9s r\u00e9guli\u00e8rement les industriels du secteur des mat\u00e9riaux. Concevoir de nouveaux produits n\u00e9cessite de mettre en \u0153uvre tous les m\u00e9tiers de l\u2019ing\u00e9nieur: de l\u2019\u00e9tude des ph\u00e9nom\u00e8nes physiques, de l\u2019Ing\u00e9nierie des syst\u00e8mes industriels au conseil en strat\u00e9gie et en management. La simulation num\u00e9rique, ou l\u2019exp\u00e9rimentation virtuelle, y occupe de plus en plus une place centrale en raison du gain de temps et d\u2019\u00e9nergie qu\u2019elle engendre.[\/vc_column_text][\/vc_column][vc_column width=\u00a0\u00bb1\/4&Prime;][stm_sidebar sidebar=\u00a0\u00bb311&Prime;][\/vc_column][\/vc_row]<\/p>\n","protected":false},"excerpt":{"rendered":"<p>[vc_row css=\u00a0\u00bb.vc_custom_1451991003825{margin-bottom: 100px !important;}\u00a0\u00bb][vc_column width=\u00a0\u00bb3\/4&Prime;][vc_single_image image=\u00a0\u00bb1085&Prime; img_size=\u00a0\u00bbfull\u00a0\u00bb css=\u00a0\u00bb.vc_custom_1592067273992{margin-bottom: 46px !important;}\u00a0\u00bb][vc_column_text css_animation=\u00a0\u00bbappear\u00a0\u00bb css=\u00a0\u00bb.vc_custom_1613908487167{margin-bottom: 50px !important;}\u00a0\u00bb] Pr\u00e9sentation SIMORG Computing est une entreprise de conseil, d\u2019assistance technique et de r\u00e9alisation de calcul scientifique haute performance dans le domaine des sciences et nanosciences des mat\u00e9riaux. Plus pr\u00e9cis\u00e9ment, SIMORG Computing intervient dans le domaine de mat\u00e9riaux utilis\u00e9s dans les secteurs<\/p>\n","protected":false},"author":1,"featured_media":0,"parent":0,"menu_order":0,"comment_status":"closed","ping_status":"closed","template":"","meta":{"footnotes":""},"class_list":["post-377","page","type-page","status-publish","hentry"],"yoast_head":"<!-- This site is optimized with the Yoast SEO plugin v27.1.1 - https:\/\/yoast.com\/product\/yoast-seo-wordpress\/ -->\n<title>Company history - SIMORG Computing<\/title>\n<meta name=\"robots\" content=\"index, follow, max-snippet:-1, max-image-preview:large, max-video-preview:-1\" \/>\n<link rel=\"canonical\" href=\"https:\/\/www.simorg-computing.fr\/?page_id=377\" \/>\n<meta property=\"og:locale\" content=\"fr_FR\" \/>\n<meta property=\"og:type\" content=\"article\" \/>\n<meta property=\"og:title\" content=\"Company history - SIMORG Computing\" \/>\n<meta property=\"og:description\" content=\"[vc_row css=\u00a0\u00bb.vc_custom_1451991003825{margin-bottom: 100px !important;}\u00a0\u00bb][vc_column width=\u00a0\u00bb3\/4&Prime;][vc_single_image image=\u00a0\u00bb1085&Prime; img_size=\u00a0\u00bbfull\u00a0\u00bb css=\u00a0\u00bb.vc_custom_1592067273992{margin-bottom: 46px !important;}\u00a0\u00bb][vc_column_text css_animation=\u00a0\u00bbappear\u00a0\u00bb css=\u00a0\u00bb.vc_custom_1613908487167{margin-bottom: 50px !important;}\u00a0\u00bb] Pr\u00e9sentation SIMORG Computing est une entreprise de conseil, d\u2019assistance technique et de r\u00e9alisation de calcul scientifique haute performance dans le domaine des sciences et nanosciences des mat\u00e9riaux. Plus pr\u00e9cis\u00e9ment, SIMORG Computing intervient dans le domaine de mat\u00e9riaux utilis\u00e9s dans les secteurs\" \/>\n<meta property=\"og:url\" content=\"https:\/\/www.simorg-computing.fr\/?page_id=377\" \/>\n<meta property=\"og:site_name\" content=\"SIMORG Computing\" \/>\n<meta property=\"article:modified_time\" content=\"2021-02-21T11:55:52+00:00\" \/>\n<meta name=\"twitter:card\" content=\"summary_large_image\" \/>\n<meta name=\"twitter:label1\" content=\"Dur\u00e9e de lecture estim\u00e9e\" \/>\n\t<meta name=\"twitter:data1\" content=\"2 minutes\" \/>\n<script type=\"application\/ld+json\" class=\"yoast-schema-graph\">{\"@context\":\"https:\/\/schema.org\",\"@graph\":[{\"@type\":\"WebPage\",\"@id\":\"https:\/\/www.simorg-computing.fr\/?page_id=377\",\"url\":\"https:\/\/www.simorg-computing.fr\/?page_id=377\",\"name\":\"Company history - SIMORG Computing\",\"isPartOf\":{\"@id\":\"https:\/\/www.simorg-computing.fr\/#website\"},\"datePublished\":\"2016-01-07T03:23:21+00:00\",\"dateModified\":\"2021-02-21T11:55:52+00:00\",\"breadcrumb\":{\"@id\":\"https:\/\/www.simorg-computing.fr\/?page_id=377#breadcrumb\"},\"inLanguage\":\"fr-FR\",\"potentialAction\":[{\"@type\":\"ReadAction\",\"target\":[\"https:\/\/www.simorg-computing.fr\/?page_id=377\"]}]},{\"@type\":\"BreadcrumbList\",\"@id\":\"https:\/\/www.simorg-computing.fr\/?page_id=377#breadcrumb\",\"itemListElement\":[{\"@type\":\"ListItem\",\"position\":1,\"name\":\"Accueil\",\"item\":\"https:\/\/www.simorg-computing.fr\/\"},{\"@type\":\"ListItem\",\"position\":2,\"name\":\"Company history\"}]},{\"@type\":\"WebSite\",\"@id\":\"https:\/\/www.simorg-computing.fr\/#website\",\"url\":\"https:\/\/www.simorg-computing.fr\/\",\"name\":\"SIMORG Computing\",\"description\":\"Voir au-del\u00e0 de l&#039;horizon\",\"potentialAction\":[{\"@type\":\"SearchAction\",\"target\":{\"@type\":\"EntryPoint\",\"urlTemplate\":\"https:\/\/www.simorg-computing.fr\/?s={search_term_string}\"},\"query-input\":{\"@type\":\"PropertyValueSpecification\",\"valueRequired\":true,\"valueName\":\"search_term_string\"}}],\"inLanguage\":\"fr-FR\"}]}<\/script>\n<!-- \/ Yoast SEO plugin. -->","yoast_head_json":{"title":"Company history - SIMORG Computing","robots":{"index":"index","follow":"follow","max-snippet":"max-snippet:-1","max-image-preview":"max-image-preview:large","max-video-preview":"max-video-preview:-1"},"canonical":"https:\/\/www.simorg-computing.fr\/?page_id=377","og_locale":"fr_FR","og_type":"article","og_title":"Company history - SIMORG Computing","og_description":"[vc_row css=\u00a0\u00bb.vc_custom_1451991003825{margin-bottom: 100px !important;}\u00a0\u00bb][vc_column width=\u00a0\u00bb3\/4&Prime;][vc_single_image image=\u00a0\u00bb1085&Prime; img_size=\u00a0\u00bbfull\u00a0\u00bb css=\u00a0\u00bb.vc_custom_1592067273992{margin-bottom: 46px !important;}\u00a0\u00bb][vc_column_text css_animation=\u00a0\u00bbappear\u00a0\u00bb css=\u00a0\u00bb.vc_custom_1613908487167{margin-bottom: 50px !important;}\u00a0\u00bb] Pr\u00e9sentation SIMORG Computing est une entreprise de conseil, d\u2019assistance technique et de r\u00e9alisation de calcul scientifique haute performance dans le domaine des sciences et nanosciences des mat\u00e9riaux. Plus pr\u00e9cis\u00e9ment, SIMORG Computing intervient dans le domaine de mat\u00e9riaux utilis\u00e9s dans les secteurs","og_url":"https:\/\/www.simorg-computing.fr\/?page_id=377","og_site_name":"SIMORG Computing","article_modified_time":"2021-02-21T11:55:52+00:00","twitter_card":"summary_large_image","twitter_misc":{"Dur\u00e9e de lecture estim\u00e9e":"2 minutes"},"schema":{"@context":"https:\/\/schema.org","@graph":[{"@type":"WebPage","@id":"https:\/\/www.simorg-computing.fr\/?page_id=377","url":"https:\/\/www.simorg-computing.fr\/?page_id=377","name":"Company history - SIMORG Computing","isPartOf":{"@id":"https:\/\/www.simorg-computing.fr\/#website"},"datePublished":"2016-01-07T03:23:21+00:00","dateModified":"2021-02-21T11:55:52+00:00","breadcrumb":{"@id":"https:\/\/www.simorg-computing.fr\/?page_id=377#breadcrumb"},"inLanguage":"fr-FR","potentialAction":[{"@type":"ReadAction","target":["https:\/\/www.simorg-computing.fr\/?page_id=377"]}]},{"@type":"BreadcrumbList","@id":"https:\/\/www.simorg-computing.fr\/?page_id=377#breadcrumb","itemListElement":[{"@type":"ListItem","position":1,"name":"Accueil","item":"https:\/\/www.simorg-computing.fr\/"},{"@type":"ListItem","position":2,"name":"Company history"}]},{"@type":"WebSite","@id":"https:\/\/www.simorg-computing.fr\/#website","url":"https:\/\/www.simorg-computing.fr\/","name":"SIMORG Computing","description":"Voir au-del\u00e0 de l&#039;horizon","potentialAction":[{"@type":"SearchAction","target":{"@type":"EntryPoint","urlTemplate":"https:\/\/www.simorg-computing.fr\/?s={search_term_string}"},"query-input":{"@type":"PropertyValueSpecification","valueRequired":true,"valueName":"search_term_string"}}],"inLanguage":"fr-FR"}]}},"_links":{"self":[{"href":"https:\/\/www.simorg-computing.fr\/index.php?rest_route=\/wp\/v2\/pages\/377","targetHints":{"allow":["GET"]}}],"collection":[{"href":"https:\/\/www.simorg-computing.fr\/index.php?rest_route=\/wp\/v2\/pages"}],"about":[{"href":"https:\/\/www.simorg-computing.fr\/index.php?rest_route=\/wp\/v2\/types\/page"}],"author":[{"embeddable":true,"href":"https:\/\/www.simorg-computing.fr\/index.php?rest_route=\/wp\/v2\/users\/1"}],"replies":[{"embeddable":true,"href":"https:\/\/www.simorg-computing.fr\/index.php?rest_route=%2Fwp%2Fv2%2Fcomments&post=377"}],"version-history":[{"count":12,"href":"https:\/\/www.simorg-computing.fr\/index.php?rest_route=\/wp\/v2\/pages\/377\/revisions"}],"predecessor-version":[{"id":1562,"href":"https:\/\/www.simorg-computing.fr\/index.php?rest_route=\/wp\/v2\/pages\/377\/revisions\/1562"}],"wp:attachment":[{"href":"https:\/\/www.simorg-computing.fr\/index.php?rest_route=%2Fwp%2Fv2%2Fmedia&parent=377"}],"curies":[{"name":"wp","href":"https:\/\/api.w.org\/{rel}","templated":true}]}}