{"id":363,"date":"2016-01-06T12:37:39","date_gmt":"2016-01-06T11:37:39","guid":{"rendered":"http:\/\/consulting.stylemixthemes.com\/demo\/?page_id=363"},"modified":"2020-06-19T19:41:27","modified_gmt":"2020-06-19T17:41:27","slug":"nos-valeurs","status":"publish","type":"page","link":"https:\/\/www.simorg-computing.fr\/?page_id=363","title":{"rendered":"Nos valeurs"},"content":{"rendered":"<p>[vc_row css=\u00a0\u00bb.vc_custom_1451991003825{margin-bottom: 100px !important;}\u00a0\u00bb][vc_column width=\u00a0\u00bb3\/4&Prime;][vc_column_text css=\u00a0\u00bb.vc_custom_1592588480480{margin-bottom: 52px !important;}\u00a0\u00bb]<\/p>\n<h2><span style=\"font-family: verdana,geneva,sans-serif; font-size: 18pt;\">Nos valeurs<\/span><\/h2>\n<ul>\n<li><span style=\"font-family: verdana,geneva,sans-serif;\">Nous nous soucions des besoins de nos clients comme nos propres besoins. Nous pensons et agissons comme des partenaires commerciaux, et non comme des conseillers universitaires.<\/span><\/li>\n<li><span style=\"font-family: verdana,geneva,sans-serif;\">Nous partageons les aspirations de nos clients, nous nous effor\u00e7ons de comprendre leur r\u00e9alit\u00e9 et d&rsquo;aligner nos motivations sur leurs objectifs. Nous sommes une entreprise qui vous propose des services de conception de mod\u00e8les, depuis les premi\u00e8res esquisses jusqu&rsquo;\u00e0 la construction finale.<\/span><\/li>\n<\/ul>\n<p>[\/vc_column_text][vc_row_inner css=\u00a0\u00bb.vc_custom_1452083256753{margin-bottom: 43px !important;}\u00a0\u00bb][vc_column_inner width=\u00a0\u00bb1\/2&Prime;][stm_icon_box hide_title_line=\u00a0\u00bbhide_title_line\u00a0\u00bb enable_hexagon=\u00a0\u00bbenable\u00a0\u00bb icon=\u00a0\u00bbstm-nokia\u00a0\u00bb style=\u00a0\u00bbicon_left\u00a0\u00bb icon_size=\u00a0\u00bb23&Prime; icon_width=\u00a0\u00bb78&Prime; title=\u00a0\u00bbInt\u00e9grit\u00e9\u00a0\u00bb][\/stm_icon_box][\/vc_column_inner][vc_column_inner width=\u00a0\u00bb1\/2&Prime;][stm_icon_box hide_title_line=\u00a0\u00bbhide_title_line\u00a0\u00bb enable_hexagon=\u00a0\u00bbenable\u00a0\u00bb icon=\u00a0\u00bbstm-binoculars\u00a0\u00bb style=\u00a0\u00bbicon_left\u00a0\u00bb icon_size=\u00a0\u00bb22&Prime; icon_width=\u00a0\u00bb78&Prime; title=\u00a0\u00bbVision \u00e0 long terme\u00a0\u00bb][\/stm_icon_box][\/vc_column_inner][\/vc_row_inner][vc_row_inner css=\u00a0\u00bb.vc_custom_1452083260783{margin-bottom: 43px !important;}\u00a0\u00bb][vc_column_inner width=\u00a0\u00bb1\/2&Prime;][stm_icon_box hide_title_line=\u00a0\u00bbhide_title_line\u00a0\u00bb enable_hexagon=\u00a0\u00bbenable\u00a0\u00bb icon=\u00a0\u00bbstm-mans\u00a0\u00bb style=\u00a0\u00bbicon_left\u00a0\u00bb icon_size=\u00a0\u00bb23&Prime; icon_width=\u00a0\u00bb78&Prime; title=\u00a0\u00bbD\u00e9fi\u00a0\u00bb][\/stm_icon_box][\/vc_column_inner][vc_column_inner width=\u00a0\u00bb1\/2&Prime;][stm_icon_box hide_title_line=\u00a0\u00bbhide_title_line\u00a0\u00bb enable_hexagon=\u00a0\u00bbenable\u00a0\u00bb icon=\u00a0\u00bbstm-security\u00a0\u00bb style=\u00a0\u00bbicon_left\u00a0\u00bb icon_size=\u00a0\u00bb30&Prime; icon_width=\u00a0\u00bb78&Prime; title=\u00a0\u00bbConfidentialit\u00e9 &#038; s\u00e9curit\u00e9\u00a0\u00bb][\/stm_icon_box][\/vc_column_inner][\/vc_row_inner][vc_row_inner css=\u00a0\u00bb.vc_custom_1452083260783{margin-bottom: 43px !important;}\u00a0\u00bb][vc_column_inner width=\u00a0\u00bb1\/2&Prime;][stm_icon_box hide_title_line=\u00a0\u00bbhide_title_line\u00a0\u00bb enable_hexagon=\u00a0\u00bbenable\u00a0\u00bb icon=\u00a0\u00bbstm-badge\u00a0\u00bb style=\u00a0\u00bbicon_left\u00a0\u00bb icon_size=\u00a0\u00bb28&Prime; icon_width=\u00a0\u00bb78&Prime; title=\u00a0\u00bbQualit\u00e9 de services\u00a0\u00bb][\/stm_icon_box][\/vc_column_inner][vc_column_inner width=\u00a0\u00bb1\/2&Prime;][stm_icon_box hide_title_line=\u00a0\u00bbhide_title_line\u00a0\u00bb enable_hexagon=\u00a0\u00bbenable\u00a0\u00bb icon=\u00a0\u00bbstm-idea\u00a0\u00bb style=\u00a0\u00bbicon_left\u00a0\u00bb icon_size=\u00a0\u00bb30&Prime; icon_width=\u00a0\u00bb78&Prime; title=\u00a0\u00bbSolutions Innovantes\u00a0\u00bb][\/stm_icon_box][\/vc_column_inner][\/vc_row_inner][vc_row_inner][vc_column_inner width=\u00a0\u00bb1\/2&Prime;][stm_icon_box hide_title_line=\u00a0\u00bbhide_title_line\u00a0\u00bb enable_hexagon=\u00a0\u00bbenable\u00a0\u00bb icon=\u00a0\u00bbstm-stats\u00a0\u00bb style=\u00a0\u00bbicon_left\u00a0\u00bb icon_size=\u00a0\u00bb24&Prime; icon_width=\u00a0\u00bb78&Prime; title=\u00a0\u00bbPerfectionnement \u00ab\u00a0][\/stm_icon_box][\/vc_column_inner][vc_column_inner width=\u00a0\u00bb1\/2&Prime;][stm_icon_box hide_title_line=\u00a0\u00bbhide_title_line\u00a0\u00bb enable_hexagon=\u00a0\u00bbenable\u00a0\u00bb icon=\u00a0\u00bbstm-diamond\u00a0\u00bb style=\u00a0\u00bbicon_left\u00a0\u00bb icon_size=\u00a0\u00bb24&Prime; icon_width=\u00a0\u00bb78&Prime; title=\u00a0\u00bbExcellence\u00a0\u00bb][\/stm_icon_box][\/vc_column_inner][\/vc_row_inner][\/vc_column][vc_column width=\u00a0\u00bb1\/4&Prime;][stm_sidebar sidebar=\u00a0\u00bb311&Prime;][\/vc_column][\/vc_row][vc_row full_width=\u00a0\u00bbstretch_row\u00a0\u00bb el_class=\u00a0\u00bbthird_bg_color\u00a0\u00bb css=\u00a0\u00bb.vc_custom_1451889219674{margin-bottom: -60px !important;}\u00a0\u00bb][vc_column][vc_cta h2=\u00a0\u00bbVous \u00eates \u00e0 la recherche d&rsquo;un expert en simulation num\u00e9rique ?\u00a0\u00bb h2_font_container=\u00a0\u00bbfont_size:20px|color:%23000000|line_height:24px\u00a0\u00bb h2_use_theme_fonts=\u00a0\u00bbyes\u00a0\u00bb shape=\u00a0\u00bbsquare\u00a0\u00bb style=\u00a0\u00bbflat\u00a0\u00bb add_button=\u00a0\u00bbright\u00a0\u00bb btn_title=\u00a0\u00bbNous contacer\u00a0\u00bb btn_style=\u00a0\u00bbflat\u00a0\u00bb btn_color=\u00a0\u00bbtheme_style_2&Prime; btn_align=\u00a0\u00bbright\u00a0\u00bb btn_i_align=\u00a0\u00bbright\u00a0\u00bb btn_i_icon_fontawesome=\u00a0\u00bbfa fa-chevron-right\u00a0\u00bb btn_add_icon=\u00a0\u00bbtrue\u00a0\u00bb btn_button_block=\u00a0\u00bbtrue\u00a0\u00bb el_class=\u00a0\u00bbthird_bg_color\u00a0\u00bb css=\u00a0\u00bb.vc_custom_1592583250174{margin-bottom: 0px !important;}\u00a0\u00bb use_custom_fonts_h2=\u00a0\u00bbtrue\u00a0\u00bb btn_link=\u00a0\u00bburl:https%3A%2F%2Fwww.simorg-computing.fr%2F%3Fpage_id%3D11||\u00a0\u00bb][\/vc_cta][\/vc_column][\/vc_row]<\/p>\n","protected":false},"excerpt":{"rendered":"<p>[vc_row css=\u00a0\u00bb.vc_custom_1451991003825{margin-bottom: 100px !important;}\u00a0\u00bb][vc_column width=\u00a0\u00bb3\/4&Prime;][vc_column_text css=\u00a0\u00bb.vc_custom_1592588480480{margin-bottom: 52px !important;}\u00a0\u00bb] Nos valeurs Nous nous soucions des besoins de nos clients comme nos propres besoins. Nous pensons et agissons comme des partenaires commerciaux, et non comme des conseillers universitaires. Nous partageons les aspirations de nos clients, nous nous effor\u00e7ons de comprendre leur r\u00e9alit\u00e9 et d&rsquo;aligner nos motivations sur<\/p>\n","protected":false},"author":1,"featured_media":0,"parent":0,"menu_order":0,"comment_status":"closed","ping_status":"closed","template":"","meta":{"footnotes":""},"class_list":["post-363","page","type-page","status-publish","hentry"],"yoast_head":"<!-- This site is optimized with the Yoast SEO plugin v27.1.1 - https:\/\/yoast.com\/product\/yoast-seo-wordpress\/ -->\n<title>Nos valeurs - SIMORG Computing<\/title>\n<meta name=\"robots\" content=\"index, follow, max-snippet:-1, max-image-preview:large, max-video-preview:-1\" \/>\n<link rel=\"canonical\" href=\"https:\/\/www.simorg-computing.fr\/?page_id=363\" \/>\n<meta property=\"og:locale\" content=\"fr_FR\" \/>\n<meta property=\"og:type\" content=\"article\" \/>\n<meta property=\"og:title\" content=\"Nos valeurs - SIMORG Computing\" \/>\n<meta property=\"og:description\" content=\"[vc_row css=\u00a0\u00bb.vc_custom_1451991003825{margin-bottom: 100px !important;}\u00a0\u00bb][vc_column width=\u00a0\u00bb3\/4&Prime;][vc_column_text css=\u00a0\u00bb.vc_custom_1592588480480{margin-bottom: 52px !important;}\u00a0\u00bb] Nos valeurs Nous nous soucions des besoins de nos clients comme nos propres besoins. Nous pensons et agissons comme des partenaires commerciaux, et non comme des conseillers universitaires. Nous partageons les aspirations de nos clients, nous nous effor\u00e7ons de comprendre leur r\u00e9alit\u00e9 et d&rsquo;aligner nos motivations sur\" \/>\n<meta property=\"og:url\" content=\"https:\/\/www.simorg-computing.fr\/?page_id=363\" \/>\n<meta property=\"og:site_name\" content=\"SIMORG Computing\" \/>\n<meta property=\"article:modified_time\" content=\"2020-06-19T17:41:27+00:00\" \/>\n<meta name=\"twitter:card\" content=\"summary_large_image\" \/>\n<meta name=\"twitter:label1\" content=\"Dur\u00e9e de lecture estim\u00e9e\" \/>\n\t<meta name=\"twitter:data1\" content=\"3 minutes\" \/>\n<script type=\"application\/ld+json\" class=\"yoast-schema-graph\">{\"@context\":\"https:\/\/schema.org\",\"@graph\":[{\"@type\":\"WebPage\",\"@id\":\"https:\/\/www.simorg-computing.fr\/?page_id=363\",\"url\":\"https:\/\/www.simorg-computing.fr\/?page_id=363\",\"name\":\"Nos valeurs - SIMORG Computing\",\"isPartOf\":{\"@id\":\"https:\/\/www.simorg-computing.fr\/#website\"},\"datePublished\":\"2016-01-06T11:37:39+00:00\",\"dateModified\":\"2020-06-19T17:41:27+00:00\",\"breadcrumb\":{\"@id\":\"https:\/\/www.simorg-computing.fr\/?page_id=363#breadcrumb\"},\"inLanguage\":\"fr-FR\",\"potentialAction\":[{\"@type\":\"ReadAction\",\"target\":[\"https:\/\/www.simorg-computing.fr\/?page_id=363\"]}]},{\"@type\":\"BreadcrumbList\",\"@id\":\"https:\/\/www.simorg-computing.fr\/?page_id=363#breadcrumb\",\"itemListElement\":[{\"@type\":\"ListItem\",\"position\":1,\"name\":\"Accueil\",\"item\":\"https:\/\/www.simorg-computing.fr\/\"},{\"@type\":\"ListItem\",\"position\":2,\"name\":\"Nos valeurs\"}]},{\"@type\":\"WebSite\",\"@id\":\"https:\/\/www.simorg-computing.fr\/#website\",\"url\":\"https:\/\/www.simorg-computing.fr\/\",\"name\":\"SIMORG Computing\",\"description\":\"Voir au-del\u00e0 de l&#039;horizon\",\"potentialAction\":[{\"@type\":\"SearchAction\",\"target\":{\"@type\":\"EntryPoint\",\"urlTemplate\":\"https:\/\/www.simorg-computing.fr\/?s={search_term_string}\"},\"query-input\":{\"@type\":\"PropertyValueSpecification\",\"valueRequired\":true,\"valueName\":\"search_term_string\"}}],\"inLanguage\":\"fr-FR\"}]}<\/script>\n<!-- \/ Yoast SEO plugin. -->","yoast_head_json":{"title":"Nos valeurs - SIMORG Computing","robots":{"index":"index","follow":"follow","max-snippet":"max-snippet:-1","max-image-preview":"max-image-preview:large","max-video-preview":"max-video-preview:-1"},"canonical":"https:\/\/www.simorg-computing.fr\/?page_id=363","og_locale":"fr_FR","og_type":"article","og_title":"Nos valeurs - SIMORG Computing","og_description":"[vc_row css=\u00a0\u00bb.vc_custom_1451991003825{margin-bottom: 100px !important;}\u00a0\u00bb][vc_column width=\u00a0\u00bb3\/4&Prime;][vc_column_text css=\u00a0\u00bb.vc_custom_1592588480480{margin-bottom: 52px !important;}\u00a0\u00bb] Nos valeurs Nous nous soucions des besoins de nos clients comme nos propres besoins. Nous pensons et agissons comme des partenaires commerciaux, et non comme des conseillers universitaires. Nous partageons les aspirations de nos clients, nous nous effor\u00e7ons de comprendre leur r\u00e9alit\u00e9 et d&rsquo;aligner nos motivations sur","og_url":"https:\/\/www.simorg-computing.fr\/?page_id=363","og_site_name":"SIMORG Computing","article_modified_time":"2020-06-19T17:41:27+00:00","twitter_card":"summary_large_image","twitter_misc":{"Dur\u00e9e de lecture estim\u00e9e":"3 minutes"},"schema":{"@context":"https:\/\/schema.org","@graph":[{"@type":"WebPage","@id":"https:\/\/www.simorg-computing.fr\/?page_id=363","url":"https:\/\/www.simorg-computing.fr\/?page_id=363","name":"Nos valeurs - SIMORG Computing","isPartOf":{"@id":"https:\/\/www.simorg-computing.fr\/#website"},"datePublished":"2016-01-06T11:37:39+00:00","dateModified":"2020-06-19T17:41:27+00:00","breadcrumb":{"@id":"https:\/\/www.simorg-computing.fr\/?page_id=363#breadcrumb"},"inLanguage":"fr-FR","potentialAction":[{"@type":"ReadAction","target":["https:\/\/www.simorg-computing.fr\/?page_id=363"]}]},{"@type":"BreadcrumbList","@id":"https:\/\/www.simorg-computing.fr\/?page_id=363#breadcrumb","itemListElement":[{"@type":"ListItem","position":1,"name":"Accueil","item":"https:\/\/www.simorg-computing.fr\/"},{"@type":"ListItem","position":2,"name":"Nos valeurs"}]},{"@type":"WebSite","@id":"https:\/\/www.simorg-computing.fr\/#website","url":"https:\/\/www.simorg-computing.fr\/","name":"SIMORG Computing","description":"Voir au-del\u00e0 de l&#039;horizon","potentialAction":[{"@type":"SearchAction","target":{"@type":"EntryPoint","urlTemplate":"https:\/\/www.simorg-computing.fr\/?s={search_term_string}"},"query-input":{"@type":"PropertyValueSpecification","valueRequired":true,"valueName":"search_term_string"}}],"inLanguage":"fr-FR"}]}},"_links":{"self":[{"href":"https:\/\/www.simorg-computing.fr\/index.php?rest_route=\/wp\/v2\/pages\/363","targetHints":{"allow":["GET"]}}],"collection":[{"href":"https:\/\/www.simorg-computing.fr\/index.php?rest_route=\/wp\/v2\/pages"}],"about":[{"href":"https:\/\/www.simorg-computing.fr\/index.php?rest_route=\/wp\/v2\/types\/page"}],"author":[{"embeddable":true,"href":"https:\/\/www.simorg-computing.fr\/index.php?rest_route=\/wp\/v2\/users\/1"}],"replies":[{"embeddable":true,"href":"https:\/\/www.simorg-computing.fr\/index.php?rest_route=%2Fwp%2Fv2%2Fcomments&post=363"}],"version-history":[{"count":8,"href":"https:\/\/www.simorg-computing.fr\/index.php?rest_route=\/wp\/v2\/pages\/363\/revisions"}],"predecessor-version":[{"id":1474,"href":"https:\/\/www.simorg-computing.fr\/index.php?rest_route=\/wp\/v2\/pages\/363\/revisions\/1474"}],"wp:attachment":[{"href":"https:\/\/www.simorg-computing.fr\/index.php?rest_route=%2Fwp%2Fv2%2Fmedia&parent=363"}],"curies":[{"name":"wp","href":"https:\/\/api.w.org\/{rel}","templated":true}]}}