{"id":11,"date":"2015-12-15T07:37:48","date_gmt":"2015-12-15T07:37:48","guid":{"rendered":"http:\/\/consulting.stylemixthemes.com\/demo\/?page_id=11"},"modified":"2020-06-19T18:17:44","modified_gmt":"2020-06-19T16:17:44","slug":"contact-us","status":"publish","type":"page","link":"https:\/\/www.simorg-computing.fr\/?page_id=11","title":{"rendered":"contact us"},"content":{"rendered":"<p>[vc_row gap=\u00a0\u00bb1&Prime; css=\u00a0\u00bb.vc_custom_1592144294243{margin-bottom: 41px !important;}\u00a0\u00bb][vc_column][vc_tta_tabs shape=\u00a0\u00bbsquare\u00a0\u00bb spacing=\u00a0\u00bb\u00a0\u00bb active_section=\u00a0\u00bb1&Prime; el_class=\u00a0\u00bbtheme_style\u00a0\u00bb no_fill_content_area=\u00a0\u00bbtrue\u00a0\u00bb][vc_tta_section title=\u00a0\u00bbGrenoble City office\u00a0\u00bb tab_id=\u00a0\u00bb1452257567229-e5f623b2-41c0&Prime;][vc_row_inner css=\u00a0\u00bb.vc_custom_1452504967583{margin-bottom: 33px !important;}\u00a0\u00bb][vc_column_inner width=\u00a0\u00bb1\/3&Prime;][vc_single_image image=\u00a0\u00bb1117&Prime; img_size=\u00a0\u00bbfull\u00a0\u00bb alignment=\u00a0\u00bbcenter\u00a0\u00bb style=\u00a0\u00bbvc_box_rounded\u00a0\u00bb][\/vc_column_inner][vc_column_inner width=\u00a0\u00bb1\/3&Prime;][vc_gmaps link=\u00a0\u00bb#E-8_JTNDaWZyYW1lJTIwc3JjJTNEJTIyaHR0cHMlM0ElMkYlMkZ3d3cuZ29vZ2xlLmNvbSUyRm1hcHMlMkZlbWJlZCUzRnBiJTNEJTIxMW0xOCUyMTFtMTIlMjExbTMlMjExZDI4MTEuOTU1MTAyOTUwMTg4JTIxMmQ1LjcwMjAxNjA1MTM5MDM0MiUyMTNkNDUuMTg4MDA1MDc4OTk2MDM1JTIxMm0zJTIxMWYwJTIxMmYwJTIxM2YwJTIxM20yJTIxMWkxMDI0JTIxMmk3NjglMjE0ZjEzLjElMjEzbTMlMjExbTIlMjExczB4NDc4YWYzN2I5YmY5NjUxYiUyNTNBMHhlN2VlODc4MjJhYmRhYTY2JTIxMnNSZWd1cyUyNTIwLSUyNTIwR3Jlbm9ibGUlMjUyQyUyNTIwQ2l0eSUyMTVlMCUyMTNtMiUyMTFzZnIlMjEyc2ZyJTIxNHYxNTkyMTQzOTI1NDU3JTIxNW0yJTIxMXNmciUyMTJzZnIlMjIlMjB3aWR0aCUzRCUyMjYwMCUyMiUyMGhlaWdodCUzRCUyMjQ1MCUyMiUyMGZyYW1lYm9yZGVyJTNEJTIyMCUyMiUyMHN0eWxlJTNEJTIyYm9yZGVyJTNBMCUzQiUyMiUyMGFsbG93ZnVsbHNjcmVlbiUzRCUyMiUyMiUyMGFyaWEtaGlkZGVuJTNEJTIyZmFsc2UlMjIlMjB0YWJpbmRleCUzRCUyMjAlMjIlM0UlM0MlMkZpZnJhbWUlM0U=\u00a0\u00bb size=\u00a0\u00bb330px\u00a0\u00bb][\/vc_column_inner][vc_column_inner width=\u00a0\u00bb1\/3&Prime;][stm_contacts_widget class=\u00a0\u00bboverlay_3&Prime; title=\u00a0\u00bbcontact details\u00a0\u00bb address=\u00a0\u00bbGrenoble, City<br \/>\n155-157 cours Berriat, CS 70022,<br \/>\nCEDEX 1, 38028 Grenoble \u00a0\u00bb phone=\u00a0\u00bb+33 952735283&Prime; email=\u00a0\u00bbinfo@simorg-computing.fr\u00a0\u00bb css=\u00a0\u00bb.vc_custom_1592203202797{padding-top: 46px !important;padding-right: 50px !important;padding-bottom: 46px !important;padding-left: 50px !important;background-image: url(http:\/\/www.simorg-computing.fr\/wp-content\/uploads\/2015\/12\/placeholder.gif?id=493) !important;}\u00a0\u00bb facebook=\u00a0\u00bb#\u00a0\u00bb twitter=\u00a0\u00bb#\u00a0\u00bb linkedin=\u00a0\u00bb#\u00a0\u00bb google_plus=\u00a0\u00bb#\u00a0\u00bb skype=\u00a0\u00bb#\u00a0\u00bb][\/vc_column_inner][\/vc_row_inner][vc_row_inner][vc_column_inner width=\u00a0\u00bb2\/3&Prime;][vc_custom_heading text=\u00a0\u00bbFeedback form\u00a0\u00bb font_container=\u00a0\u00bbtag:h4|text_align:left\u00a0\u00bb use_theme_fonts=\u00a0\u00bbyes\u00a0\u00bb css=\u00a0\u00bb.vc_custom_1453959190863{margin-bottom: 30px !important;}\u00a0\u00bb]<p class=\"wpcf7-contact-form-not-found\"><strong>Erreur\u00a0:<\/strong> Formulaire de contact non trouv\u00e9\u00a0!<\/p>[\/vc_column_inner][vc_column_inner width=\u00a0\u00bb1\/3&Prime;][vc_custom_heading text=\u00a0\u00bbYour contact\u00a0\u00bb font_container=\u00a0\u00bbtag:h4|text_align:left\u00a0\u00bb use_theme_fonts=\u00a0\u00bbyes\u00a0\u00bb css=\u00a0\u00bb.vc_custom_1453959180438{margin-bottom: 30px !important;}\u00a0\u00bb][stm_contact name=\u00a0\u00bbBrahim MALKI\u00a0\u00bb image=\u00a0\u00bb1213&Prime; job=\u00a0\u00bbHead of communications\u00a0\u00bb email=\u00a0\u00bbcontact@simorg-computing.fr\u00a0\u00bb][\/vc_column_inner][\/vc_row_inner][\/vc_tta_section][vc_tta_section title=\u00a0\u00bbCalifornia Office\u00a0\u00bb tab_id=\u00a0\u00bb1452509674811-3f76b61a-6ca1&Prime;][\/vc_tta_section][\/vc_tta_tabs][\/vc_column][\/vc_row][vc_row full_width=\u00a0\u00bbstretch_row\u00a0\u00bb el_class=\u00a0\u00bbthird_bg_color\u00a0\u00bb css=\u00a0\u00bb.vc_custom_1451889219674{margin-bottom: -60px !important;}\u00a0\u00bb][vc_column][vc_cta h2=\u00a0\u00bbVous \u00eates \u00e0 la recherche d&rsquo;un expert en simulation num\u00e9rique ?\u00a0\u00bb h2_font_container=\u00a0\u00bbfont_size:18px|color:%23000000|line_height:24px\u00a0\u00bb h2_use_theme_fonts=\u00a0\u00bbyes\u00a0\u00bb shape=\u00a0\u00bbsquare\u00a0\u00bb style=\u00a0\u00bbflat\u00a0\u00bb add_button=\u00a0\u00bbright\u00a0\u00bb btn_title=\u00a0\u00bbNous consulter \u00a0\u00bb btn_style=\u00a0\u00bbflat\u00a0\u00bb btn_color=\u00a0\u00bbtheme_style_2&Prime; btn_align=\u00a0\u00bbright\u00a0\u00bb btn_i_align=\u00a0\u00bbright\u00a0\u00bb btn_i_icon_fontawesome=\u00a0\u00bbfa fa-chevron-right\u00a0\u00bb btn_add_icon=\u00a0\u00bbtrue\u00a0\u00bb btn_button_block=\u00a0\u00bbtrue\u00a0\u00bb el_class=\u00a0\u00bbthird_bg_color\u00a0\u00bb css=\u00a0\u00bb.vc_custom_1592583434391{margin-bottom: 0px !important;}\u00a0\u00bb use_custom_fonts_h2=\u00a0\u00bbtrue\u00a0\u00bb btn_link=\u00a0\u00bburl:https%3A%2F%2Fwww.simorg-computing.fr%2F%3Fpage_id%3D11||\u00a0\u00bb][\/vc_cta][\/vc_column][\/vc_row]<\/p>\n","protected":false},"excerpt":{"rendered":"<p>[vc_row gap=\u00a0\u00bb1&Prime; css=\u00a0\u00bb.vc_custom_1592144294243{margin-bottom: 41px !important;}\u00a0\u00bb][vc_column][vc_tta_tabs shape=\u00a0\u00bbsquare\u00a0\u00bb spacing=\u00a0\u00bb\u00a0\u00bb active_section=\u00a0\u00bb1&Prime; el_class=\u00a0\u00bbtheme_style\u00a0\u00bb no_fill_content_area=\u00a0\u00bbtrue\u00a0\u00bb][vc_tta_section title=\u00a0\u00bbGrenoble City office\u00a0\u00bb tab_id=\u00a0\u00bb1452257567229-e5f623b2-41c0&Prime;][vc_row_inner css=\u00a0\u00bb.vc_custom_1452504967583{margin-bottom: 33px !important;}\u00a0\u00bb][vc_column_inner width=\u00a0\u00bb1\/3&Prime;][vc_single_image image=\u00a0\u00bb1117&Prime; img_size=\u00a0\u00bbfull\u00a0\u00bb alignment=\u00a0\u00bbcenter\u00a0\u00bb style=\u00a0\u00bbvc_box_rounded\u00a0\u00bb][\/vc_column_inner][vc_column_inner width=\u00a0\u00bb1\/3&Prime;][vc_gmaps link=\u00a0\u00bb#E-8_JTNDaWZyYW1lJTIwc3JjJTNEJTIyaHR0cHMlM0ElMkYlMkZ3d3cuZ29vZ2xlLmNvbSUyRm1hcHMlMkZlbWJlZCUzRnBiJTNEJTIxMW0xOCUyMTFtMTIlMjExbTMlMjExZDI4MTEuOTU1MTAyOTUwMTg4JTIxMmQ1LjcwMjAxNjA1MTM5MDM0MiUyMTNkNDUuMTg4MDA1MDc4OTk2MDM1JTIxMm0zJTIxMWYwJTIxMmYwJTIxM2YwJTIxM20yJTIxMWkxMDI0JTIxMmk3NjglMjE0ZjEzLjElMjEzbTMlMjExbTIlMjExczB4NDc4YWYzN2I5YmY5NjUxYiUyNTNBMHhlN2VlODc4MjJhYmRhYTY2JTIxMnNSZWd1cyUyNTIwLSUyNTIwR3Jlbm9ibGUlMjUyQyUyNTIwQ2l0eSUyMTVlMCUyMTNtMiUyMTFzZnIlMjEyc2ZyJTIxNHYxNTkyMTQzOTI1NDU3JTIxNW0yJTIxMXNmciUyMTJzZnIlMjIlMjB3aWR0aCUzRCUyMjYwMCUyMiUyMGhlaWdodCUzRCUyMjQ1MCUyMiUyMGZyYW1lYm9yZGVyJTNEJTIyMCUyMiUyMHN0eWxlJTNEJTIyYm9yZGVyJTNBMCUzQiUyMiUyMGFsbG93ZnVsbHNjcmVlbiUzRCUyMiUyMiUyMGFyaWEtaGlkZGVuJTNEJTIyZmFsc2UlMjIlMjB0YWJpbmRleCUzRCUyMjAlMjIlM0UlM0MlMkZpZnJhbWUlM0U=\u00a0\u00bb size=\u00a0\u00bb330px\u00a0\u00bb][\/vc_column_inner][vc_column_inner width=\u00a0\u00bb1\/3&Prime;][stm_contacts_widget class=\u00a0\u00bboverlay_3&Prime; title=\u00a0\u00bbcontact details\u00a0\u00bb address=\u00a0\u00bbGrenoble, City 155-157 cours Berriat, CS 70022, CEDEX 1, 38028 Grenoble \u00a0\u00bb phone=\u00a0\u00bb+33 952735283&Prime; email=\u00a0\u00bbinfo@simorg-computing.fr\u00a0\u00bb css=\u00a0\u00bb.vc_custom_1592203202797{padding-top: 46px !important;padding-right: 50px !important;padding-bottom: 46px !important;padding-left: 50px !important;background-image: url(http:\/\/www.simorg-computing.fr\/wp-content\/uploads\/2015\/12\/placeholder.gif?id=493) !important;}\u00a0\u00bb<\/p>\n","protected":false},"author":1,"featured_media":0,"parent":0,"menu_order":0,"comment_status":"closed","ping_status":"closed","template":"","meta":{"footnotes":""},"class_list":["post-11","page","type-page","status-publish","hentry"],"yoast_head":"<!-- This site is optimized with the Yoast SEO plugin v27.1.1 - https:\/\/yoast.com\/product\/yoast-seo-wordpress\/ -->\n<title>contact us - SIMORG Computing<\/title>\n<meta name=\"robots\" content=\"index, follow, max-snippet:-1, max-image-preview:large, max-video-preview:-1\" \/>\n<link rel=\"canonical\" href=\"https:\/\/www.simorg-computing.fr\/?page_id=11\" \/>\n<meta property=\"og:locale\" content=\"fr_FR\" \/>\n<meta property=\"og:type\" content=\"article\" \/>\n<meta property=\"og:title\" content=\"contact us - SIMORG Computing\" \/>\n<meta property=\"og:description\" content=\"[vc_row gap=\u00a0\u00bb1&Prime; css=\u00a0\u00bb.vc_custom_1592144294243{margin-bottom: 41px !important;}\u00a0\u00bb][vc_column][vc_tta_tabs shape=\u00a0\u00bbsquare\u00a0\u00bb spacing=\u00a0\u00bb\u00a0\u00bb active_section=\u00a0\u00bb1&Prime; el_class=\u00a0\u00bbtheme_style\u00a0\u00bb no_fill_content_area=\u00a0\u00bbtrue\u00a0\u00bb][vc_tta_section title=\u00a0\u00bbGrenoble City office\u00a0\u00bb tab_id=\u00a0\u00bb1452257567229-e5f623b2-41c0&Prime;][vc_row_inner css=\u00a0\u00bb.vc_custom_1452504967583{margin-bottom: 33px !important;}\u00a0\u00bb][vc_column_inner width=\u00a0\u00bb1\/3&Prime;][vc_single_image image=\u00a0\u00bb1117&Prime; img_size=\u00a0\u00bbfull\u00a0\u00bb alignment=\u00a0\u00bbcenter\u00a0\u00bb style=\u00a0\u00bbvc_box_rounded\u00a0\u00bb][\/vc_column_inner][vc_column_inner width=\u00a0\u00bb1\/3&Prime;][vc_gmaps link=\u00a0\u00bb#E-8_JTNDaWZyYW1lJTIwc3JjJTNEJTIyaHR0cHMlM0ElMkYlMkZ3d3cuZ29vZ2xlLmNvbSUyRm1hcHMlMkZlbWJlZCUzRnBiJTNEJTIxMW0xOCUyMTFtMTIlMjExbTMlMjExZDI4MTEuOTU1MTAyOTUwMTg4JTIxMmQ1LjcwMjAxNjA1MTM5MDM0MiUyMTNkNDUuMTg4MDA1MDc4OTk2MDM1JTIxMm0zJTIxMWYwJTIxMmYwJTIxM2YwJTIxM20yJTIxMWkxMDI0JTIxMmk3NjglMjE0ZjEzLjElMjEzbTMlMjExbTIlMjExczB4NDc4YWYzN2I5YmY5NjUxYiUyNTNBMHhlN2VlODc4MjJhYmRhYTY2JTIxMnNSZWd1cyUyNTIwLSUyNTIwR3Jlbm9ibGUlMjUyQyUyNTIwQ2l0eSUyMTVlMCUyMTNtMiUyMTFzZnIlMjEyc2ZyJTIxNHYxNTkyMTQzOTI1NDU3JTIxNW0yJTIxMXNmciUyMTJzZnIlMjIlMjB3aWR0aCUzRCUyMjYwMCUyMiUyMGhlaWdodCUzRCUyMjQ1MCUyMiUyMGZyYW1lYm9yZGVyJTNEJTIyMCUyMiUyMHN0eWxlJTNEJTIyYm9yZGVyJTNBMCUzQiUyMiUyMGFsbG93ZnVsbHNjcmVlbiUzRCUyMiUyMiUyMGFyaWEtaGlkZGVuJTNEJTIyZmFsc2UlMjIlMjB0YWJpbmRleCUzRCUyMjAlMjIlM0UlM0MlMkZpZnJhbWUlM0U=\u00a0\u00bb size=\u00a0\u00bb330px\u00a0\u00bb][\/vc_column_inner][vc_column_inner width=\u00a0\u00bb1\/3&Prime;][stm_contacts_widget class=\u00a0\u00bboverlay_3&Prime; title=\u00a0\u00bbcontact details\u00a0\u00bb address=\u00a0\u00bbGrenoble, City 155-157 cours Berriat, CS 70022, CEDEX 1, 38028 Grenoble \u00a0\u00bb phone=\u00a0\u00bb+33 952735283&Prime; email=\u00a0\u00bbinfo@simorg-computing.fr\u00a0\u00bb css=\u00a0\u00bb.vc_custom_1592203202797{padding-top: 46px !important;padding-right: 50px !important;padding-bottom: 46px !important;padding-left: 50px !important;background-image: url(http:\/\/www.simorg-computing.fr\/wp-content\/uploads\/2015\/12\/placeholder.gif?id=493) !important;}\u00a0\u00bb\" \/>\n<meta property=\"og:url\" content=\"https:\/\/www.simorg-computing.fr\/?page_id=11\" \/>\n<meta property=\"og:site_name\" content=\"SIMORG Computing\" \/>\n<meta property=\"article:modified_time\" content=\"2020-06-19T16:17:44+00:00\" \/>\n<meta name=\"twitter:card\" content=\"summary_large_image\" \/>\n<meta name=\"twitter:label1\" content=\"Dur\u00e9e de lecture estim\u00e9e\" \/>\n\t<meta name=\"twitter:data1\" content=\"2 minutes\" \/>\n<script type=\"application\/ld+json\" class=\"yoast-schema-graph\">{\"@context\":\"https:\/\/schema.org\",\"@graph\":[{\"@type\":\"WebPage\",\"@id\":\"https:\/\/www.simorg-computing.fr\/?page_id=11\",\"url\":\"https:\/\/www.simorg-computing.fr\/?page_id=11\",\"name\":\"contact us - SIMORG Computing\",\"isPartOf\":{\"@id\":\"https:\/\/www.simorg-computing.fr\/#website\"},\"datePublished\":\"2015-12-15T07:37:48+00:00\",\"dateModified\":\"2020-06-19T16:17:44+00:00\",\"breadcrumb\":{\"@id\":\"https:\/\/www.simorg-computing.fr\/?page_id=11#breadcrumb\"},\"inLanguage\":\"fr-FR\",\"potentialAction\":[{\"@type\":\"ReadAction\",\"target\":[\"https:\/\/www.simorg-computing.fr\/?page_id=11\"]}]},{\"@type\":\"BreadcrumbList\",\"@id\":\"https:\/\/www.simorg-computing.fr\/?page_id=11#breadcrumb\",\"itemListElement\":[{\"@type\":\"ListItem\",\"position\":1,\"name\":\"Accueil\",\"item\":\"https:\/\/www.simorg-computing.fr\/\"},{\"@type\":\"ListItem\",\"position\":2,\"name\":\"contact us\"}]},{\"@type\":\"WebSite\",\"@id\":\"https:\/\/www.simorg-computing.fr\/#website\",\"url\":\"https:\/\/www.simorg-computing.fr\/\",\"name\":\"SIMORG Computing\",\"description\":\"Voir au-del\u00e0 de l&#039;horizon\",\"potentialAction\":[{\"@type\":\"SearchAction\",\"target\":{\"@type\":\"EntryPoint\",\"urlTemplate\":\"https:\/\/www.simorg-computing.fr\/?s={search_term_string}\"},\"query-input\":{\"@type\":\"PropertyValueSpecification\",\"valueRequired\":true,\"valueName\":\"search_term_string\"}}],\"inLanguage\":\"fr-FR\"}]}<\/script>\n<!-- \/ Yoast SEO plugin. -->","yoast_head_json":{"title":"contact us - SIMORG Computing","robots":{"index":"index","follow":"follow","max-snippet":"max-snippet:-1","max-image-preview":"max-image-preview:large","max-video-preview":"max-video-preview:-1"},"canonical":"https:\/\/www.simorg-computing.fr\/?page_id=11","og_locale":"fr_FR","og_type":"article","og_title":"contact us - SIMORG Computing","og_description":"[vc_row gap=\u00a0\u00bb1&Prime; css=\u00a0\u00bb.vc_custom_1592144294243{margin-bottom: 41px !important;}\u00a0\u00bb][vc_column][vc_tta_tabs shape=\u00a0\u00bbsquare\u00a0\u00bb spacing=\u00a0\u00bb\u00a0\u00bb active_section=\u00a0\u00bb1&Prime; el_class=\u00a0\u00bbtheme_style\u00a0\u00bb no_fill_content_area=\u00a0\u00bbtrue\u00a0\u00bb][vc_tta_section title=\u00a0\u00bbGrenoble City office\u00a0\u00bb tab_id=\u00a0\u00bb1452257567229-e5f623b2-41c0&Prime;][vc_row_inner css=\u00a0\u00bb.vc_custom_1452504967583{margin-bottom: 33px !important;}\u00a0\u00bb][vc_column_inner width=\u00a0\u00bb1\/3&Prime;][vc_single_image image=\u00a0\u00bb1117&Prime; img_size=\u00a0\u00bbfull\u00a0\u00bb alignment=\u00a0\u00bbcenter\u00a0\u00bb style=\u00a0\u00bbvc_box_rounded\u00a0\u00bb][\/vc_column_inner][vc_column_inner width=\u00a0\u00bb1\/3&Prime;][vc_gmaps link=\u00a0\u00bb#E-8_JTNDaWZyYW1lJTIwc3JjJTNEJTIyaHR0cHMlM0ElMkYlMkZ3d3cuZ29vZ2xlLmNvbSUyRm1hcHMlMkZlbWJlZCUzRnBiJTNEJTIxMW0xOCUyMTFtMTIlMjExbTMlMjExZDI4MTEuOTU1MTAyOTUwMTg4JTIxMmQ1LjcwMjAxNjA1MTM5MDM0MiUyMTNkNDUuMTg4MDA1MDc4OTk2MDM1JTIxMm0zJTIxMWYwJTIxMmYwJTIxM2YwJTIxM20yJTIxMWkxMDI0JTIxMmk3NjglMjE0ZjEzLjElMjEzbTMlMjExbTIlMjExczB4NDc4YWYzN2I5YmY5NjUxYiUyNTNBMHhlN2VlODc4MjJhYmRhYTY2JTIxMnNSZWd1cyUyNTIwLSUyNTIwR3Jlbm9ibGUlMjUyQyUyNTIwQ2l0eSUyMTVlMCUyMTNtMiUyMTFzZnIlMjEyc2ZyJTIxNHYxNTkyMTQzOTI1NDU3JTIxNW0yJTIxMXNmciUyMTJzZnIlMjIlMjB3aWR0aCUzRCUyMjYwMCUyMiUyMGhlaWdodCUzRCUyMjQ1MCUyMiUyMGZyYW1lYm9yZGVyJTNEJTIyMCUyMiUyMHN0eWxlJTNEJTIyYm9yZGVyJTNBMCUzQiUyMiUyMGFsbG93ZnVsbHNjcmVlbiUzRCUyMiUyMiUyMGFyaWEtaGlkZGVuJTNEJTIyZmFsc2UlMjIlMjB0YWJpbmRleCUzRCUyMjAlMjIlM0UlM0MlMkZpZnJhbWUlM0U=\u00a0\u00bb size=\u00a0\u00bb330px\u00a0\u00bb][\/vc_column_inner][vc_column_inner width=\u00a0\u00bb1\/3&Prime;][stm_contacts_widget class=\u00a0\u00bboverlay_3&Prime; title=\u00a0\u00bbcontact details\u00a0\u00bb address=\u00a0\u00bbGrenoble, City 155-157 cours Berriat, CS 70022, CEDEX 1, 38028 Grenoble \u00a0\u00bb phone=\u00a0\u00bb+33 952735283&Prime; email=\u00a0\u00bbinfo@simorg-computing.fr\u00a0\u00bb css=\u00a0\u00bb.vc_custom_1592203202797{padding-top: 46px !important;padding-right: 50px !important;padding-bottom: 46px !important;padding-left: 50px !important;background-image: url(http:\/\/www.simorg-computing.fr\/wp-content\/uploads\/2015\/12\/placeholder.gif?id=493) !important;}\u00a0\u00bb","og_url":"https:\/\/www.simorg-computing.fr\/?page_id=11","og_site_name":"SIMORG Computing","article_modified_time":"2020-06-19T16:17:44+00:00","twitter_card":"summary_large_image","twitter_misc":{"Dur\u00e9e de lecture estim\u00e9e":"2 minutes"},"schema":{"@context":"https:\/\/schema.org","@graph":[{"@type":"WebPage","@id":"https:\/\/www.simorg-computing.fr\/?page_id=11","url":"https:\/\/www.simorg-computing.fr\/?page_id=11","name":"contact us - SIMORG Computing","isPartOf":{"@id":"https:\/\/www.simorg-computing.fr\/#website"},"datePublished":"2015-12-15T07:37:48+00:00","dateModified":"2020-06-19T16:17:44+00:00","breadcrumb":{"@id":"https:\/\/www.simorg-computing.fr\/?page_id=11#breadcrumb"},"inLanguage":"fr-FR","potentialAction":[{"@type":"ReadAction","target":["https:\/\/www.simorg-computing.fr\/?page_id=11"]}]},{"@type":"BreadcrumbList","@id":"https:\/\/www.simorg-computing.fr\/?page_id=11#breadcrumb","itemListElement":[{"@type":"ListItem","position":1,"name":"Accueil","item":"https:\/\/www.simorg-computing.fr\/"},{"@type":"ListItem","position":2,"name":"contact us"}]},{"@type":"WebSite","@id":"https:\/\/www.simorg-computing.fr\/#website","url":"https:\/\/www.simorg-computing.fr\/","name":"SIMORG Computing","description":"Voir au-del\u00e0 de l&#039;horizon","potentialAction":[{"@type":"SearchAction","target":{"@type":"EntryPoint","urlTemplate":"https:\/\/www.simorg-computing.fr\/?s={search_term_string}"},"query-input":{"@type":"PropertyValueSpecification","valueRequired":true,"valueName":"search_term_string"}}],"inLanguage":"fr-FR"}]}},"_links":{"self":[{"href":"https:\/\/www.simorg-computing.fr\/index.php?rest_route=\/wp\/v2\/pages\/11","targetHints":{"allow":["GET"]}}],"collection":[{"href":"https:\/\/www.simorg-computing.fr\/index.php?rest_route=\/wp\/v2\/pages"}],"about":[{"href":"https:\/\/www.simorg-computing.fr\/index.php?rest_route=\/wp\/v2\/types\/page"}],"author":[{"embeddable":true,"href":"https:\/\/www.simorg-computing.fr\/index.php?rest_route=\/wp\/v2\/users\/1"}],"replies":[{"embeddable":true,"href":"https:\/\/www.simorg-computing.fr\/index.php?rest_route=%2Fwp%2Fv2%2Fcomments&post=11"}],"version-history":[{"count":11,"href":"https:\/\/www.simorg-computing.fr\/index.php?rest_route=\/wp\/v2\/pages\/11\/revisions"}],"predecessor-version":[{"id":1473,"href":"https:\/\/www.simorg-computing.fr\/index.php?rest_route=\/wp\/v2\/pages\/11\/revisions\/1473"}],"wp:attachment":[{"href":"https:\/\/www.simorg-computing.fr\/index.php?rest_route=%2Fwp%2Fv2%2Fmedia&parent=11"}],"curies":[{"name":"wp","href":"https:\/\/api.w.org\/{rel}","templated":true}]}}