{"id":1023,"date":"2015-12-14T07:14:55","date_gmt":"2015-12-14T06:14:55","guid":{"rendered":"http:\/\/consulting.stylemixthemes.com\/demo\/?page_id=2"},"modified":"2025-04-04T15:23:06","modified_gmt":"2025-04-04T13:23:06","slug":"sample-page","status":"publish","type":"page","link":"https:\/\/www.simorg-computing.fr\/","title":{"rendered":"home"},"content":{"rendered":"<p>[vc_row css=\u00a0\u00bb.vc_custom_1450677977665{margin-bottom: 0px !important;}\u00a0\u00bb][vc_column offset=\u00a0\u00bbvc_hidden-xs\u00a0\u00bb][rev_slider_vc alias=\u00a0\u00bbfullscreen-main-slider\u00a0\u00bb][\/vc_column][\/vc_row][vc_row full_width=\u00a0\u00bbstretch_row\u00a0\u00bb el_class=\u00a0\u00bbthird_bg_color\u00a0\u00bb css=\u00a0\u00bb.vc_custom_1450692516354{margin-bottom: 60px !important;}\u00a0\u00bb][vc_column][vc_cta h2=\u00a0\u00bbCorrosion,   Batteries,   Catalyse\u00a0\u00bb h2_font_container=\u00a0\u00bbfont_size:35px|color:%23000000|line_height:30px\u00a0\u00bb h2_use_theme_fonts=\u00a0\u00bbyes\u00a0\u00bb txt_align=\u00a0\u00bbcenter\u00a0\u00bb shape=\u00a0\u00bbsquare\u00a0\u00bb style=\u00a0\u00bbflat\u00a0\u00bb add_button=\u00a0\u00bbright\u00a0\u00bb btn_title=\u00a0\u00bbPr\u00e9sentation\u00a0\u00bb btn_style=\u00a0\u00bbflat\u00a0\u00bb btn_color=\u00a0\u00bbtheme_style_2&Prime; btn_align=\u00a0\u00bbcenter\u00a0\u00bb css_animation=\u00a0\u00bbappear\u00a0\u00bb el_class=\u00a0\u00bbthird_bg_color\u00a0\u00bb css=\u00a0\u00bb.vc_custom_1613915294694{margin-bottom: 0px !important;border-radius: 1px !important;}\u00a0\u00bb use_custom_fonts_h2=\u00a0\u00bbtrue\u00a0\u00bb btn_link=\u00a0\u00bburl:https%3A%2F%2Fwww.simorg-computing.fr%2F%3Fpage_id%3D377||\u00a0\u00bb h2_link=\u00a0\u00bburl:https%3A%2F%2Fwww.simorg-computing.fr%2F%3Fpage_id%3D377||\u00a0\u00bb btn_button_block=\u00a0\u00bbtrue\u00a0\u00bb btn_add_icon=\u00a0\u00bbtrue\u00a0\u00bb]&nbsp;<\/p>\n<p style=\"text-align: center;\"><strong><span style=\"font-family: verdana,geneva,sans-serif;\">Mod\u00e9lisation FEM, Simulation nanoscopique, Machine learning<\/span><\/strong><\/p>\n<p>[\/vc_cta][\/vc_column][\/vc_row][vc_row full_width=\u00a0\u00bbstretch_row\u00a0\u00bb css=\u00a0\u00bb.vc_custom_1613913921791{border-bottom-width: 100px !important;padding-top: 53px !important;padding-bottom: 70px !important;background-color: #f2f2f2 !important;}\u00a0\u00bb][vc_column css=\u00a0\u00bb.vc_custom_1613913896894{border-bottom-width: 200px !important;}\u00a0\u00bb][vc_custom_heading icon=\u00a0\u00bbstm-stm14_public\u00a0\u00bb icon_pos=\u00a0\u00bbtop\u00a0\u00bb text=\u00a0\u00bbNos services\u00a0\u00bb font_container=\u00a0\u00bbtag:h2|font_size:40px|text_align:center|color:%23000000|line_height:60px\u00a0\u00bb use_theme_fonts=\u00a0\u00bbyes\u00a0\u00bb el_class=\u00a0\u00bbbase_font_color\u00a0\u00bb css=\u00a0\u00bb.vc_custom_1614156974602{margin-bottom: 28px !important;}\u00a0\u00bb link=\u00a0\u00bburl:https%3A%2F%2Fwww.simorg-computing.fr%2F%3Fp%3D1491|title:Nos%20services|\u00a0\u00bb][vc_row_inner css=\u00a0\u00bb.vc_custom_1455871593995{margin-bottom: 30px !important;}\u00a0\u00bb][vc_column_inner width=\u00a0\u00bb1\/3&Prime;][stm_icon_box hide_title_line=\u00a0\u00bbhide_title_line\u00a0\u00bb enable_hexagon=\u00a0\u00bbenable\u00a0\u00bb enable_hexagon_animation=\u00a0\u00bbenable\u00a0\u00bb icon=\u00a0\u00bbstm-polygon\u00a0\u00bb style=\u00a0\u00bbicon_left\u00a0\u00bb icon_size=\u00a0\u00bb15&Prime; icon_width=\u00a0\u00bb78&Prime; title=\u00a0\u00bbD\u00e9veloppement &#038; r\u00e9alisation de calcul\u00a0\u00bb]Nous d\u00e9veloppons et mettons en \u0153uvre des m\u00e9thodes de simulation[\/stm_icon_box][\/vc_column_inner][vc_column_inner width=\u00a0\u00bb1\/3&Prime;][stm_icon_box hide_title_line=\u00a0\u00bbhide_title_line\u00a0\u00bb enable_hexagon=\u00a0\u00bbenable\u00a0\u00bb enable_hexagon_animation=\u00a0\u00bbenable\u00a0\u00bb icon=\u00a0\u00bbstm-phone-11&Prime; style=\u00a0\u00bbicon_left\u00a0\u00bb icon_size=\u00a0\u00bb22&Prime; icon_width=\u00a0\u00bb78&Prime; title=\u00a0\u00bbConseil &#038; assistance technique \u00ab\u00a0]Nous assistons et accompagnons vos projets R&amp;D[\/stm_icon_box][\/vc_column_inner][vc_column_inner width=\u00a0\u00bb1\/3&Prime;][stm_icon_box hide_title_line=\u00a0\u00bbhide_title_line\u00a0\u00bb enable_hexagon=\u00a0\u00bbenable\u00a0\u00bb enable_hexagon_animation=\u00a0\u00bbenable\u00a0\u00bb icon=\u00a0\u00bbstm-building6&Prime; style=\u00a0\u00bbicon_left\u00a0\u00bb icon_size=\u00a0\u00bb22&Prime; icon_width=\u00a0\u00bb78&Prime; title=\u00a0\u00bbFormation &amp; Encadrement\u00a0\u00bb]Nous assurons la formation, l\u2019encadrement et le suivi de projet R&amp;D[\/stm_icon_box][\/vc_column_inner][\/vc_row_inner][\/vc_column][\/vc_row][vc_row full_width=\u00a0\u00bbstretch_row\u00a0\u00bb css=\u00a0\u00bb.vc_custom_1613925786561{border-bottom-width: 100px !important;padding-top: 53px !important;padding-bottom: 70px !important;background-color: #ffffff !important;}\u00a0\u00bb][vc_column css=\u00a0\u00bb.vc_custom_1613925804036{border-bottom-width: 200px !important;background-color: #ffffff !important;}\u00a0\u00bb][vc_custom_heading icon=\u00a0\u00bbstm-nokia\u00a0\u00bb icon_pos=\u00a0\u00bbtop\u00a0\u00bb text=\u00a0\u00bbNos r\u00e9alisations\u00a0\u00bb font_container=\u00a0\u00bbtag:h2|font_size:40px|text_align:center|color:%23000000|line_height:60px\u00a0\u00bb use_theme_fonts=\u00a0\u00bbyes\u00a0\u00bb el_class=\u00a0\u00bbbase_font_color\u00a0\u00bb css=\u00a0\u00bb.vc_custom_1614156988088{margin-bottom: 28px !important;}\u00a0\u00bb link=\u00a0\u00bburl:https%3A%2F%2Fwww.simorg-computing.fr%2F%3Fpage_id%3D601|title:Nos%20services|\u00a0\u00bb][\/vc_column][\/vc_row][vc_row full_width=\u00a0\u00bbstretch_row\u00a0\u00bb css=\u00a0\u00bb.vc_custom_1613913921791{border-bottom-width: 100px !important;padding-top: 53px !important;padding-bottom: 70px !important;background-color: #f2f2f2 !important;}\u00a0\u00bb][vc_column css=\u00a0\u00bb.vc_custom_1613913896894{border-bottom-width: 200px !important;}\u00a0\u00bb][vc_custom_heading icon=\u00a0\u00bbstm-binoculars\u00a0\u00bb icon_pos=\u00a0\u00bbtop\u00a0\u00bb text=\u00a0\u00bbGaleries\u00a0\u00bb font_container=\u00a0\u00bbtag:h2|font_size:40px|text_align:center|color:%230a0000|line_height:60px\u00a0\u00bb use_theme_fonts=\u00a0\u00bbyes\u00a0\u00bb el_class=\u00a0\u00bbbase_font_color\u00a0\u00bb css=\u00a0\u00bb.vc_custom_1614156998520{margin-bottom: 28px !important;}\u00a0\u00bb link=\u00a0\u00bburl:https%3A%2F%2Fwww.simorg-computing.fr%2F%3Fpage_id%3D614|title:Nos%20services|\u00a0\u00bb][\/vc_column][\/vc_row][vc_row full_width=\u00a0\u00bbstretch_row\u00a0\u00bb css=\u00a0\u00bb.vc_custom_1613913921791{border-bottom-width: 100px !important;padding-top: 53px !important;padding-bottom: 70px !important;background-color: #f2f2f2 !important;}\u00a0\u00bb][vc_column css=\u00a0\u00bb.vc_custom_1613913896894{border-bottom-width: 200px !important;}\u00a0\u00bb][vc_custom_heading text=\u00a0\u00bbgaleries\u00a0\u00bb font_container=\u00a0\u00bbtag:h2|font_size:40px|text_align:center|line_height:60px\u00a0\u00bb use_theme_fonts=\u00a0\u00bbyes\u00a0\u00bb el_class=\u00a0\u00bbbase_font_color\u00a0\u00bb css=\u00a0\u00bb.vc_custom_1613914275632{margin-bottom: 100px !important;}\u00a0\u00bb link=\u00a0\u00bburl:https%3A%2F%2Fwww.simorg-computing.fr%2F%3Fpage_id%3D614|title:Nos%20services|\u00a0\u00bb][\/vc_column][\/vc_row][vc_row css=\u00a0\u00bb.vc_custom_1613913694789{margin-bottom: 37px !important;}\u00a0\u00bb][vc_column width=\u00a0\u00bb11\/12&Prime; css=\u00a0\u00bb.vc_custom_1613912944816{margin-top: -350px !important;background-position: 0 0 !important;background-repeat: no-repeat !important;}\u00a0\u00bb][vc_media_grid grid_id=\u00a0\u00bbvc_gid:1743772895018-de4833ebd8a7d86645a7c623cf8f1240-4&Prime; include=\u00a0\u00bb1440,1338,1378&Prime; css=\u00a0\u00bb.vc_custom_1613925104322{border-top-width: -20px !important;}\u00a0\u00bb][\/vc_column][\/vc_row][vc_row full_width=\u00a0\u00bbstretch_row\u00a0\u00bb el_class=\u00a0\u00bboverlay fixed_bg\u00a0\u00bb css=\u00a0\u00bb.vc_custom_1456226391066{margin-bottom: 53px !important;padding-top: 110px !important;padding-bottom: 81px !important;background-image: url(http:\/\/www.simorg-computing.fr\/wp-content\/uploads\/2015\/12\/placeholder.gif?id=33) !important;background-position: center !important;background-repeat: no-repeat !important;background-size: cover !important;}\u00a0\u00bb][vc_column][vc_row_inner][vc_column_inner][vc_custom_heading icon_size=\u00a0\u00bb18&Prime; icon_pos=\u00a0\u00bbtop\u00a0\u00bb stm_title_font_weight=\u00a0\u00bb400&Prime; text=\u00a0\u00bb<mark>Doing the right thing at the right time<\/mark>\u00a0\u00bb font_container=\u00a0\u00bbtag:h4|font_size:48px|text_align:center|color:%23ffffff|line_height:45px\u00a0\u00bb google_fonts=\u00a0\u00bbfont_family:Poppins%3A300%2Cregular%2C500%2C600%2C700|font_style:700%20bold%3A700%3Anormal\u00a0\u00bb custom_icon=\u00a0\u00bbstm-check\u00a0\u00bb css=\u00a0\u00bb.vc_custom_1592724201497{margin-bottom: 61px !important;}\u00a0\u00bb el_class=\u00a0\u00bbno_stripe\u00a0\u00bb][\/vc_column_inner][\/vc_row_inner][vc_row_inner][vc_column_inner width=\u00a0\u00bb1\/6&Prime; offset=\u00a0\u00bbvc_col-lg-offset-1&Prime;][stm_stats_counter counter_value=\u00a0\u00bb35&Prime; title=\u00a0\u00bbCases completed\u00a0\u00bb][\/vc_column_inner][vc_column_inner width=\u00a0\u00bb1\/6&Prime;][stm_stats_counter counter_value=\u00a0\u00bb27&Prime; title=\u00a0\u00bbConsultants\u00a0\u00bb][\/vc_column_inner][vc_column_inner width=\u00a0\u00bb1\/6&Prime;][stm_stats_counter counter_value=\u00a0\u00bb100&Prime; counter_value_suf=\u00a0\u00bb%\u00a0\u00bb title=\u00a0\u00bbSatisfied customers\u00a0\u00bb][\/vc_column_inner][vc_column_inner width=\u00a0\u00bb1\/6&Prime;][\/vc_column_inner][\/vc_row_inner][\/vc_column][\/vc_row][vc_row css=\u00a0\u00bb.vc_custom_1450960276268{margin-bottom: 73px !important;}\u00a0\u00bb][vc_column][vc_custom_heading text=\u00a0\u00bbNous sommes fiers de la confiance de nos partenaires\u00a0\u00bb font_container=\u00a0\u00bbtag:h2|font_size:30px|text_align:center|line_height:40px\u00a0\u00bb use_theme_fonts=\u00a0\u00bbyes\u00a0\u00bb el_class=\u00a0\u00bbbase_font_color\u00a0\u00bb css=\u00a0\u00bb.vc_custom_1592662555770{margin-bottom: 76px !important;}\u00a0\u00bb][\/vc_column][\/vc_row][vc_row full_width=\u00a0\u00bbstretch_row\u00a0\u00bb css=\u00a0\u00bb.vc_custom_1450961224119{padding-top: 41px !important;padding-bottom: 42px !important;background-color: #f2f2f2 !important;}\u00a0\u00bb][vc_column][stm_image_carousel grayscale=\u00a0\u00bbyes\u00a0\u00bb h_centered=\u00a0\u00bbyes\u00a0\u00bb img_size=\u00a0\u00bb180&#215;96&Prime; autoplay=\u00a0\u00bbyes\u00a0\u00bb images=\u00a0\u00bb1156,1155,1157,1158,1113,1143,1164,1114,1161,1163&Prime; el_class=\u00a0\u00bbno_paddings\u00a0\u00bb link=\u00a0\u00bburl:http%3A%2F%2Fconsulting.stylemixthemes.com\/demo%2Fcompany-overview%2Four-partners%2F||\u00a0\u00bb][\/vc_column][\/vc_row][vc_row full_width=\u00a0\u00bbstretch_row\u00a0\u00bb el_class=\u00a0\u00bboverlay_2 fixed_bg\u00a0\u00bb css=\u00a0\u00bb.vc_custom_1453381142995{margin-bottom: 42px !important;padding-top: 66px !important;padding-bottom: 66px !important;background-image: url(http:\/\/www.simorg-computing.fr\/wp-content\/uploads\/2015\/12\/placeholder.gif?id=122) !important;background-position: center !important;background-repeat: no-repeat !important;background-size: cover !important;}\u00a0\u00bb][vc_column][vc_custom_heading text=\u00a0\u00bbAider  les  entreprises  \u00e0  booster  leur  R&#038;D<br \/>\n<mark>et gagner en productivit\u00e9<\/mark>\u00a0\u00bb font_container=\u00a0\u00bbtag:div|font_size:25px|text_align:center|color:%23ffffff|line_height:34px\u00a0\u00bb google_fonts=\u00a0\u00bbfont_family:Poppins%3A300%2Cregular%2C500%2C600%2C700|font_style:700%20bold%3A700%3Anormal\u00a0\u00bb][\/vc_column][\/vc_row][vc_row full_width=\u00a0\u00bbstretch_row_content_no_spaces\u00a0\u00bb css=\u00a0\u00bb.vc_custom_1453109987955{margin-bottom: -60px !important;padding-top: 0px !important;padding-bottom: 0px !important;}\u00a0\u00bb][vc_column][stm_gmap map_height=\u00a0\u00bb447px\u00a0\u00bb map_zoom=\u00a0\u00bb11&Prime; disable_mouse_whell=\u00a0\u00bbdisable\u00a0\u00bb][stm_gmap_address title=\u00a0\u00bbSIMORG computing\u00a0\u00bb address=\u00a0\u00bb46, rue Yves Farge 38600 Fontaine\u00a0\u00bb phone=\u00a0\u00bb+33635267144&Prime; email=\u00a0\u00bbcontact@simorg-computing.fr\u00a0\u00bb lat=\u00a0\u00bb20.605170&Prime; lng=\u00a0\u00bb-100.441730&Prime;][\/stm_gmap][\/vc_column][\/vc_row]<\/p>\n","protected":false},"excerpt":{"rendered":"<p>[vc_row css=\u00a0\u00bb.vc_custom_1450677977665{margin-bottom: 0px !important;}\u00a0\u00bb][vc_column offset=\u00a0\u00bbvc_hidden-xs\u00a0\u00bb][rev_slider_vc alias=\u00a0\u00bbfullscreen-main-slider\u00a0\u00bb][\/vc_column][\/vc_row][vc_row full_width=\u00a0\u00bbstretch_row\u00a0\u00bb el_class=\u00a0\u00bbthird_bg_color\u00a0\u00bb css=\u00a0\u00bb.vc_custom_1450692516354{margin-bottom: 60px !important;}\u00a0\u00bb][vc_column][vc_cta h2=\u00a0\u00bbCorrosion, Batteries, Catalyse\u00a0\u00bb h2_font_container=\u00a0\u00bbfont_size:35px|color:%23000000|line_height:30px\u00a0\u00bb h2_use_theme_fonts=\u00a0\u00bbyes\u00a0\u00bb txt_align=\u00a0\u00bbcenter\u00a0\u00bb shape=\u00a0\u00bbsquare\u00a0\u00bb style=\u00a0\u00bbflat\u00a0\u00bb add_button=\u00a0\u00bbright\u00a0\u00bb btn_title=\u00a0\u00bbPr\u00e9sentation\u00a0\u00bb btn_style=\u00a0\u00bbflat\u00a0\u00bb btn_color=\u00a0\u00bbtheme_style_2&Prime; btn_align=\u00a0\u00bbcenter\u00a0\u00bb css_animation=\u00a0\u00bbappear\u00a0\u00bb el_class=\u00a0\u00bbthird_bg_color\u00a0\u00bb css=\u00a0\u00bb.vc_custom_1613915294694{margin-bottom: 0px !important;border-radius: 1px !important;}\u00a0\u00bb use_custom_fonts_h2=\u00a0\u00bbtrue\u00a0\u00bb btn_link=\u00a0\u00bburl:https%3A%2F%2Fwww.simorg-computing.fr%2F%3Fpage_id%3D377||\u00a0\u00bb h2_link=\u00a0\u00bburl:https%3A%2F%2Fwww.simorg-computing.fr%2F%3Fpage_id%3D377||\u00a0\u00bb btn_button_block=\u00a0\u00bbtrue\u00a0\u00bb btn_add_icon=\u00a0\u00bbtrue\u00a0\u00bb]&nbsp; Mod\u00e9lisation FEM, Simulation nanoscopique, Machine learning [\/vc_cta][\/vc_column][\/vc_row][vc_row full_width=\u00a0\u00bbstretch_row\u00a0\u00bb css=\u00a0\u00bb.vc_custom_1613913921791{border-bottom-width: 100px !important;padding-top: 53px !important;padding-bottom: 70px !important;background-color: #f2f2f2 !important;}\u00a0\u00bb][vc_column css=\u00a0\u00bb.vc_custom_1613913896894{border-bottom-width: 200px<\/p>\n","protected":false},"author":1,"featured_media":0,"parent":0,"menu_order":0,"comment_status":"closed","ping_status":"closed","template":"","meta":{"footnotes":""},"class_list":["post-1023","page","type-page","status-publish","hentry"],"yoast_head":"<!-- This site is optimized with the Yoast SEO plugin v27.1.1 - https:\/\/yoast.com\/product\/yoast-seo-wordpress\/ -->\n<title>home - SIMORG Computing<\/title>\n<meta name=\"robots\" content=\"index, follow, max-snippet:-1, max-image-preview:large, max-video-preview:-1\" \/>\n<link rel=\"canonical\" href=\"https:\/\/www.simorg-computing.fr\/\" \/>\n<meta property=\"og:locale\" content=\"fr_FR\" \/>\n<meta property=\"og:type\" content=\"article\" \/>\n<meta property=\"og:title\" content=\"home - SIMORG Computing\" \/>\n<meta property=\"og:description\" content=\"[vc_row css=\u00a0\u00bb.vc_custom_1450677977665{margin-bottom: 0px !important;}\u00a0\u00bb][vc_column offset=\u00a0\u00bbvc_hidden-xs\u00a0\u00bb][rev_slider_vc alias=\u00a0\u00bbfullscreen-main-slider\u00a0\u00bb][\/vc_column][\/vc_row][vc_row full_width=\u00a0\u00bbstretch_row\u00a0\u00bb el_class=\u00a0\u00bbthird_bg_color\u00a0\u00bb css=\u00a0\u00bb.vc_custom_1450692516354{margin-bottom: 60px !important;}\u00a0\u00bb][vc_column][vc_cta h2=\u00a0\u00bbCorrosion, Batteries, Catalyse\u00a0\u00bb h2_font_container=\u00a0\u00bbfont_size:35px|color:%23000000|line_height:30px\u00a0\u00bb h2_use_theme_fonts=\u00a0\u00bbyes\u00a0\u00bb txt_align=\u00a0\u00bbcenter\u00a0\u00bb shape=\u00a0\u00bbsquare\u00a0\u00bb style=\u00a0\u00bbflat\u00a0\u00bb add_button=\u00a0\u00bbright\u00a0\u00bb btn_title=\u00a0\u00bbPr\u00e9sentation\u00a0\u00bb btn_style=\u00a0\u00bbflat\u00a0\u00bb btn_color=\u00a0\u00bbtheme_style_2&Prime; btn_align=\u00a0\u00bbcenter\u00a0\u00bb css_animation=\u00a0\u00bbappear\u00a0\u00bb el_class=\u00a0\u00bbthird_bg_color\u00a0\u00bb css=\u00a0\u00bb.vc_custom_1613915294694{margin-bottom: 0px !important;border-radius: 1px !important;}\u00a0\u00bb use_custom_fonts_h2=\u00a0\u00bbtrue\u00a0\u00bb btn_link=\u00a0\u00bburl:https%3A%2F%2Fwww.simorg-computing.fr%2F%3Fpage_id%3D377||\u00a0\u00bb h2_link=\u00a0\u00bburl:https%3A%2F%2Fwww.simorg-computing.fr%2F%3Fpage_id%3D377||\u00a0\u00bb btn_button_block=\u00a0\u00bbtrue\u00a0\u00bb btn_add_icon=\u00a0\u00bbtrue\u00a0\u00bb]&nbsp; Mod\u00e9lisation FEM, Simulation nanoscopique, Machine learning [\/vc_cta][\/vc_column][\/vc_row][vc_row full_width=\u00a0\u00bbstretch_row\u00a0\u00bb css=\u00a0\u00bb.vc_custom_1613913921791{border-bottom-width: 100px !important;padding-top: 53px !important;padding-bottom: 70px !important;background-color: #f2f2f2 !important;}\u00a0\u00bb][vc_column css=\u00a0\u00bb.vc_custom_1613913896894{border-bottom-width: 200px\" \/>\n<meta property=\"og:url\" content=\"https:\/\/www.simorg-computing.fr\/\" \/>\n<meta property=\"og:site_name\" content=\"SIMORG Computing\" \/>\n<meta property=\"article:modified_time\" content=\"2025-04-04T13:23:06+00:00\" \/>\n<meta name=\"twitter:card\" content=\"summary_large_image\" \/>\n<meta name=\"twitter:label1\" content=\"Dur\u00e9e de lecture estim\u00e9e\" \/>\n\t<meta name=\"twitter:data1\" content=\"6 minutes\" \/>\n<script type=\"application\/ld+json\" class=\"yoast-schema-graph\">{\"@context\":\"https:\/\/schema.org\",\"@graph\":[{\"@type\":\"WebPage\",\"@id\":\"https:\/\/www.simorg-computing.fr\/\",\"url\":\"https:\/\/www.simorg-computing.fr\/\",\"name\":\"home - SIMORG Computing\",\"isPartOf\":{\"@id\":\"https:\/\/www.simorg-computing.fr\/#website\"},\"datePublished\":\"2015-12-14T06:14:55+00:00\",\"dateModified\":\"2025-04-04T13:23:06+00:00\",\"breadcrumb\":{\"@id\":\"https:\/\/www.simorg-computing.fr\/#breadcrumb\"},\"inLanguage\":\"fr-FR\",\"potentialAction\":[{\"@type\":\"ReadAction\",\"target\":[\"https:\/\/www.simorg-computing.fr\/\"]}]},{\"@type\":\"BreadcrumbList\",\"@id\":\"https:\/\/www.simorg-computing.fr\/#breadcrumb\",\"itemListElement\":[{\"@type\":\"ListItem\",\"position\":1,\"name\":\"Accueil\",\"item\":\"https:\/\/www.simorg-computing.fr\/\"},{\"@type\":\"ListItem\",\"position\":2,\"name\":\"home\"}]},{\"@type\":\"WebSite\",\"@id\":\"https:\/\/www.simorg-computing.fr\/#website\",\"url\":\"https:\/\/www.simorg-computing.fr\/\",\"name\":\"SIMORG Computing\",\"description\":\"Voir au-del\u00e0 de l&#039;horizon\",\"potentialAction\":[{\"@type\":\"SearchAction\",\"target\":{\"@type\":\"EntryPoint\",\"urlTemplate\":\"https:\/\/www.simorg-computing.fr\/?s={search_term_string}\"},\"query-input\":{\"@type\":\"PropertyValueSpecification\",\"valueRequired\":true,\"valueName\":\"search_term_string\"}}],\"inLanguage\":\"fr-FR\"}]}<\/script>\n<!-- \/ Yoast SEO plugin. -->","yoast_head_json":{"title":"home - SIMORG Computing","robots":{"index":"index","follow":"follow","max-snippet":"max-snippet:-1","max-image-preview":"max-image-preview:large","max-video-preview":"max-video-preview:-1"},"canonical":"https:\/\/www.simorg-computing.fr\/","og_locale":"fr_FR","og_type":"article","og_title":"home - SIMORG Computing","og_description":"[vc_row css=\u00a0\u00bb.vc_custom_1450677977665{margin-bottom: 0px !important;}\u00a0\u00bb][vc_column offset=\u00a0\u00bbvc_hidden-xs\u00a0\u00bb][rev_slider_vc alias=\u00a0\u00bbfullscreen-main-slider\u00a0\u00bb][\/vc_column][\/vc_row][vc_row full_width=\u00a0\u00bbstretch_row\u00a0\u00bb el_class=\u00a0\u00bbthird_bg_color\u00a0\u00bb css=\u00a0\u00bb.vc_custom_1450692516354{margin-bottom: 60px !important;}\u00a0\u00bb][vc_column][vc_cta h2=\u00a0\u00bbCorrosion, Batteries, Catalyse\u00a0\u00bb h2_font_container=\u00a0\u00bbfont_size:35px|color:%23000000|line_height:30px\u00a0\u00bb h2_use_theme_fonts=\u00a0\u00bbyes\u00a0\u00bb txt_align=\u00a0\u00bbcenter\u00a0\u00bb shape=\u00a0\u00bbsquare\u00a0\u00bb style=\u00a0\u00bbflat\u00a0\u00bb add_button=\u00a0\u00bbright\u00a0\u00bb btn_title=\u00a0\u00bbPr\u00e9sentation\u00a0\u00bb btn_style=\u00a0\u00bbflat\u00a0\u00bb btn_color=\u00a0\u00bbtheme_style_2&Prime; btn_align=\u00a0\u00bbcenter\u00a0\u00bb css_animation=\u00a0\u00bbappear\u00a0\u00bb el_class=\u00a0\u00bbthird_bg_color\u00a0\u00bb css=\u00a0\u00bb.vc_custom_1613915294694{margin-bottom: 0px !important;border-radius: 1px !important;}\u00a0\u00bb use_custom_fonts_h2=\u00a0\u00bbtrue\u00a0\u00bb btn_link=\u00a0\u00bburl:https%3A%2F%2Fwww.simorg-computing.fr%2F%3Fpage_id%3D377||\u00a0\u00bb h2_link=\u00a0\u00bburl:https%3A%2F%2Fwww.simorg-computing.fr%2F%3Fpage_id%3D377||\u00a0\u00bb btn_button_block=\u00a0\u00bbtrue\u00a0\u00bb btn_add_icon=\u00a0\u00bbtrue\u00a0\u00bb]&nbsp; Mod\u00e9lisation FEM, Simulation nanoscopique, Machine learning [\/vc_cta][\/vc_column][\/vc_row][vc_row full_width=\u00a0\u00bbstretch_row\u00a0\u00bb css=\u00a0\u00bb.vc_custom_1613913921791{border-bottom-width: 100px !important;padding-top: 53px !important;padding-bottom: 70px !important;background-color: #f2f2f2 !important;}\u00a0\u00bb][vc_column css=\u00a0\u00bb.vc_custom_1613913896894{border-bottom-width: 200px","og_url":"https:\/\/www.simorg-computing.fr\/","og_site_name":"SIMORG Computing","article_modified_time":"2025-04-04T13:23:06+00:00","twitter_card":"summary_large_image","twitter_misc":{"Dur\u00e9e de lecture estim\u00e9e":"6 minutes"},"schema":{"@context":"https:\/\/schema.org","@graph":[{"@type":"WebPage","@id":"https:\/\/www.simorg-computing.fr\/","url":"https:\/\/www.simorg-computing.fr\/","name":"home - SIMORG Computing","isPartOf":{"@id":"https:\/\/www.simorg-computing.fr\/#website"},"datePublished":"2015-12-14T06:14:55+00:00","dateModified":"2025-04-04T13:23:06+00:00","breadcrumb":{"@id":"https:\/\/www.simorg-computing.fr\/#breadcrumb"},"inLanguage":"fr-FR","potentialAction":[{"@type":"ReadAction","target":["https:\/\/www.simorg-computing.fr\/"]}]},{"@type":"BreadcrumbList","@id":"https:\/\/www.simorg-computing.fr\/#breadcrumb","itemListElement":[{"@type":"ListItem","position":1,"name":"Accueil","item":"https:\/\/www.simorg-computing.fr\/"},{"@type":"ListItem","position":2,"name":"home"}]},{"@type":"WebSite","@id":"https:\/\/www.simorg-computing.fr\/#website","url":"https:\/\/www.simorg-computing.fr\/","name":"SIMORG Computing","description":"Voir au-del\u00e0 de l&#039;horizon","potentialAction":[{"@type":"SearchAction","target":{"@type":"EntryPoint","urlTemplate":"https:\/\/www.simorg-computing.fr\/?s={search_term_string}"},"query-input":{"@type":"PropertyValueSpecification","valueRequired":true,"valueName":"search_term_string"}}],"inLanguage":"fr-FR"}]}},"_links":{"self":[{"href":"https:\/\/www.simorg-computing.fr\/index.php?rest_route=\/wp\/v2\/pages\/1023","targetHints":{"allow":["GET"]}}],"collection":[{"href":"https:\/\/www.simorg-computing.fr\/index.php?rest_route=\/wp\/v2\/pages"}],"about":[{"href":"https:\/\/www.simorg-computing.fr\/index.php?rest_route=\/wp\/v2\/types\/page"}],"author":[{"embeddable":true,"href":"https:\/\/www.simorg-computing.fr\/index.php?rest_route=\/wp\/v2\/users\/1"}],"replies":[{"embeddable":true,"href":"https:\/\/www.simorg-computing.fr\/index.php?rest_route=%2Fwp%2Fv2%2Fcomments&post=1023"}],"version-history":[{"count":98,"href":"https:\/\/www.simorg-computing.fr\/index.php?rest_route=\/wp\/v2\/pages\/1023\/revisions"}],"predecessor-version":[{"id":1592,"href":"https:\/\/www.simorg-computing.fr\/index.php?rest_route=\/wp\/v2\/pages\/1023\/revisions\/1592"}],"wp:attachment":[{"href":"https:\/\/www.simorg-computing.fr\/index.php?rest_route=%2Fwp%2Fv2%2Fmedia&parent=1023"}],"curies":[{"name":"wp","href":"https:\/\/api.w.org\/{rel}","templated":true}]}}